{"id":126,"date":"2015-12-16T00:21:09","date_gmt":"2015-12-15T23:21:09","guid":{"rendered":"http:\/\/www.padrekino.org\/?page_id=126"},"modified":"2016-01-16T16:17:37","modified_gmt":"2016-01-16T15:17:37","slug":"mausoleo-magdalena-kino","status":"publish","type":"page","link":"http:\/\/www.padrekino.org\/de\/mausoleo-magdalena-kino\/","title":{"rendered":"Das Mausoleum von Magdalena de Kino"},"content":{"rendered":"<p><\/p>\n<p style=\"text-align: justify;\">Magdalena de Kino beherbergt heute die sterblichen \u00dcberreste von Padre zu Pferd. Auf dem Platz, die heute seinen Namen tr\u00e4gt um ihn herum mehr Glanz, als er jemals an den H\u00e4ngen des Hohen W\u00fcste Pimeria erf\u00fcllt. Er war ein Mann, der die Bildende Kunst und Architektur geliebt. Er war stolz auf die Kirchen, die die Indianer in Dolores, Remedios und Cocospera erbaut und befindet sich beim Anblick von Hunderten seiner Freunde, die aus der ganzen W\u00fcste kamen, um die Festtage gemeinsam angeregt wird. <a href=\"http:\/\/www.padrekino.org\/wp-content\/uploads\/2016\/01\/magdalena_g.jpg\" rel=\"attachment wp-att-595\"><img loading=\"lazy\" class=\"size-medium wp-image-595 alignleft\" src=\"http:\/\/www.padrekino.org\/wp-content\/uploads\/2016\/01\/magdalena_g-300x105.jpg\" alt=\"magdalena_g\" width=\"300\" height=\"105\" srcset=\"http:\/\/www.padrekino.org\/wp-content\/uploads\/2016\/01\/magdalena_g-300x105.jpg 300w, http:\/\/www.padrekino.org\/wp-content\/uploads\/2016\/01\/magdalena_g-768x269.jpg 768w, http:\/\/www.padrekino.org\/wp-content\/uploads\/2016\/01\/magdalena_g-1024x358.jpg 1024w, http:\/\/www.padrekino.org\/wp-content\/uploads\/2016\/01\/magdalena_g.jpg 1200w\" sizes=\"(max-width: 300px) 100vw, 300px\" \/><\/a>Normalerweise schl\u00e4frig und ruhigen Platz im Magdalena seit vielen Jahren wurde mit Pilgern besuchen die Stelle, wo er begraben wurde gef\u00fcllt. Zuerst eine kleine Kapelle neben der Kirche von Campos; dann eine separate Kapelle mit einer kleinen Glocke, dann nichts, aber bauf\u00e4lligen Ruinen und Schutt in der Erdbeben ersch\u00fctterte eine stolze Rathaus. Der defensive Architektur des Geb\u00e4udes gel\u00f6st hatte und die \u00dcberreste Kino lag ausge unterhalb einer Orange Baumschmuck versteckt. Und nun die Menschen weiterhin an Magdalena kommen angeblich, um einen Besuch in &#8222;San Francisco&#8220; zu zahlen.<br \/>\nSie kann sich nur wundern, wie er jetzt Pater Kino f\u00fchlt, Jahrhunderte sp\u00e4ter, als Tausende weiterhin dieses Denkmal zu seinen Ehren errichtet besuchen. <em>(Vater Charles Polzer S.J.)<\/em><\/p>\n<p>[Best_Wordpress_Gallery id=&#8220;31&#8243; gal_title=&#8220;Mausoleum_DE&#8220;]<\/p>","protected":false},"excerpt":{"rendered":"<p>Magdalena de Kino beherbergt heute die sterblichen \u00dcberreste von Padre zu Pferd. Auf dem Platz, die heute seinen Namen tr\u00e4gt um ihn herum mehr Glanz, als er jemals an den H\u00e4ngen des Hohen W\u00fcste Pimeria erf\u00fcllt. Er war ein Mann, der die Bildende Kunst und Architektur geliebt. Er war stolz auf die Kirchen, die die [&hellip;]<\/p>\n","protected":false},"author":2,"featured_media":0,"parent":0,"menu_order":0,"comment_status":"closed","ping_status":"closed","template":"","meta":[],"yoast_head":"<!-- This site is optimized with the Yoast SEO plugin v15.5 - https:\/\/yoast.com\/wordpress\/plugins\/seo\/ -->\n<title>Das Mausoleum von Magdalena de Kino - Padre Kino<\/title>\n<meta name=\"robots\" content=\"index, follow, max-snippet:-1, max-image-preview:large, max-video-preview:-1\" \/>\n<link rel=\"canonical\" href=\"https:\/\/www.padrekino.org\/mausoleo-magdalena-kino\/\" \/>\n<meta property=\"og:locale\" content=\"de_DE\" \/>\n<meta property=\"og:type\" content=\"article\" \/>\n<meta property=\"og:title\" content=\"Das Mausoleum von Magdalena de Kino - Padre Kino\" \/>\n<meta property=\"og:description\" content=\"Magdalena de Kino beherbergt heute die sterblichen \u00dcberreste von Padre zu Pferd. Auf dem Platz, die heute seinen Namen tr\u00e4gt um ihn herum mehr Glanz, als er jemals an den H\u00e4ngen des Hohen W\u00fcste Pimeria erf\u00fcllt. Er war ein Mann, der die Bildende Kunst und Architektur geliebt. Er war stolz auf die Kirchen, die die [&hellip;]\" \/>\n<meta property=\"og:url\" content=\"https:\/\/www.padrekino.org\/mausoleo-magdalena-kino\/\" \/>\n<meta property=\"og:site_name\" content=\"Padre Kino\" \/>\n<meta property=\"article:modified_time\" content=\"2016-01-16T15:17:37+00:00\" \/>\n<meta property=\"og:image\" content=\"http:\/\/www.padrekino.org\/wp-content\/uploads\/2016\/01\/magdalena_g-300x105.jpg\" \/>\n<meta name=\"twitter:card\" content=\"summary\" \/>\n<meta name=\"twitter:label1\" content=\"Gesch\u00e4tzte Lesezeit\">\n\t<meta name=\"twitter:data1\" content=\"4\u00a0Minuten\">\n<script type=\"application\/ld+json\" class=\"yoast-schema-graph\">{\"@context\":\"https:\/\/schema.org\",\"@graph\":[{\"@type\":\"WebSite\",\"@id\":\"https:\/\/www.padrekino.org\/es\/#website\",\"url\":\"https:\/\/www.padrekino.org\/es\/\",\"name\":\"Padre Kino\",\"description\":\"Padre a Cavallo\",\"potentialAction\":[{\"@type\":\"SearchAction\",\"target\":\"https:\/\/www.padrekino.org\/es\/?s={search_term_string}\",\"query-input\":\"required name=search_term_string\"}],\"inLanguage\":\"de\"},{\"@type\":\"ImageObject\",\"@id\":\"https:\/\/www.padrekino.org\/mausoleo-magdalena-kino\/#primaryimage\",\"inLanguage\":\"de\",\"url\":\"http:\/\/www.padrekino.org\/wp-content\/uploads\/2016\/01\/magdalena_g.jpg\",\"width\":1200,\"height\":420},{\"@type\":\"WebPage\",\"@id\":\"https:\/\/www.padrekino.org\/mausoleo-magdalena-kino\/#webpage\",\"url\":\"https:\/\/www.padrekino.org\/mausoleo-magdalena-kino\/\",\"name\":\"Das Mausoleum von Magdalena de Kino - Padre Kino\",\"isPartOf\":{\"@id\":\"https:\/\/www.padrekino.org\/es\/#website\"},\"primaryImageOfPage\":{\"@id\":\"https:\/\/www.padrekino.org\/mausoleo-magdalena-kino\/#primaryimage\"},\"datePublished\":\"2015-12-15T23:21:09+00:00\",\"dateModified\":\"2016-01-16T15:17:37+00:00\",\"inLanguage\":\"de\",\"potentialAction\":[{\"@type\":\"ReadAction\",\"target\":[\"https:\/\/www.padrekino.org\/mausoleo-magdalena-kino\/\"]}]}]}<\/script>\n<!-- \/ Yoast SEO plugin. -->","_links":{"self":[{"href":"http:\/\/www.padrekino.org\/de\/wp-json\/wp\/v2\/pages\/126"}],"collection":[{"href":"http:\/\/www.padrekino.org\/de\/wp-json\/wp\/v2\/pages"}],"about":[{"href":"http:\/\/www.padrekino.org\/de\/wp-json\/wp\/v2\/types\/page"}],"author":[{"embeddable":true,"href":"http:\/\/www.padrekino.org\/de\/wp-json\/wp\/v2\/users\/2"}],"replies":[{"embeddable":true,"href":"http:\/\/www.padrekino.org\/de\/wp-json\/wp\/v2\/comments?post=126"}],"version-history":[{"count":0,"href":"http:\/\/www.padrekino.org\/de\/wp-json\/wp\/v2\/pages\/126\/revisions"}],"wp:attachment":[{"href":"http:\/\/www.padrekino.org\/de\/wp-json\/wp\/v2\/media?parent=126"}],"curies":[{"name":"wp","href":"https:\/\/api.w.org\/{rel}","templated":true}]}}