{"id":129,"date":"2015-12-16T00:26:41","date_gmt":"2015-12-15T23:26:41","guid":{"rendered":"http:\/\/www.padrekino.org\/?page_id=129"},"modified":"2016-03-29T13:58:27","modified_gmt":"2016-03-29T11:58:27","slug":"tre-statue-due-secoli","status":"publish","type":"page","link":"http:\/\/www.padrekino.org\/de\/tre-statue-due-secoli\/","title":{"rendered":"Drei Denkmale f\u00fcr Drei Jahrhunderte"},"content":{"rendered":"<p><div style=\"width: 310px\" class=\"wp-caption alignleft\"><img loading=\"lazy\" src=\"http:\/\/www.padrekino.org\/wp-content\/uploads\/2015\/12\/magdalena_i-300x200.jpg\" alt=\"magdalena_i\" width=\"300\" height=\"200\" \/><p class=\"wp-caption-text\">Magdalena de Kino<\/p><\/div><\/p>\n<p style=\"text-align: justify;\">Die drei Statuen sind Arbeiten des mexikanischen Bildhauers Juli\u00e1n Mart\u00ednez und<\/p>\n<div style=\"width: 239px\" class=\"wp-caption alignright\"><img loading=\"lazy\" src=\"http:\/\/www.padrekino.org\/wp-content\/uploads\/2015\/12\/statua_tucson-229x300.jpg\" alt=\"statua_tucson\" width=\"229\" height=\"300\" \/><p class=\"wp-caption-text\">Tucson<\/p><\/div>\n<p style=\"text-align: justify;\">wurden auf Antrag einer Gruppe von B\u00fcrgern in Tucson, die ein Komitee, um ein Projekt namens Kopf gebildet gegossen &#8222;Drei Statuen drei Jahrhunderte lang.&#8220; Dieses Mal die sensible Darstellung von Kino zu Pferd w\u00fcrde Tucson, Arizona &#8211; &#8211; USA, Missionsgebiet von Padre Kino, Magdalena, Sonora &#8211; Mexiko Ort seines Todes und seiner Bestattung und Segno, Trentino &#8211; Italia, sein Geburtsdorf, um den 300. Jahrestag der Ankunft der Feier in Bronze f\u00fcr drei Pl\u00e4tze gegossen werden Padre Kino in Pimeria.<\/p>\n<div style=\"width: 211px\" class=\"wp-caption alignleft\"><img loading=\"lazy\" src=\"http:\/\/www.padrekino.org\/wp-content\/uploads\/2015\/12\/cavallo-201x300.jpg\" alt=\"cavallo\" width=\"201\" height=\"300\" \/><p class=\"wp-caption-text\">Segno<\/p><\/div>\n<p style=\"text-align: justify;\">Die m\u00fcssen die drei Statuen abzuschlie\u00dfen Mittel kamen aus der Stadt Tucson, von Pima County und von mehreren gro\u00dfz\u00fcgigen Wohlt\u00e4ter und auch von Juli\u00e1n Mart\u00ednez, der eine sehr bescheidene Summe f\u00fcr alle drei Gussteilen angenommen! Es war, als historische Gro\u00dfz\u00fcgigkeit Kino wurden in Art zur\u00fcckgezahlt. Die erste der drei Statuen kamen in Tucson im Mai 1988, und die Statue wurde auf dem neu abgeschlossenen Kino Parkway errichtet. Die zweite Statue wurde ein Jahr sp\u00e4ter fertig gestellt und in Magdalena auf der Mautstra\u00dfe nach Hermosillo errichtet! Die dritte Statue wurde im Jahr 1990 fertig gestellt und durch Frachter nach Genua, aus dem Hafen der Provinz von Trient schleppte sie der kleinen Stadt Segno, wo die Statue wurde in einer jubelnden Feier im Juni 1991 gewidmet ausgeliefert<\/p>\n<p><\/p>","protected":false},"excerpt":{"rendered":"<p>Die drei Statuen sind Arbeiten des mexikanischen Bildhauers Juli\u00e1n Mart\u00ednez und wurden auf Antrag einer Gruppe von B\u00fcrgern in Tucson, die ein Komitee, um ein Projekt namens Kopf gebildet gegossen &#8222;Drei Statuen drei Jahrhunderte lang.&#8220; Dieses Mal die sensible Darstellung von Kino zu Pferd w\u00fcrde Tucson, Arizona &#8211; &#8211; USA, Missionsgebiet von Padre Kino, Magdalena, [&hellip;]<\/p>\n","protected":false},"author":2,"featured_media":0,"parent":0,"menu_order":0,"comment_status":"closed","ping_status":"closed","template":"","meta":[],"yoast_head":"<!-- This site is optimized with the Yoast SEO plugin v15.5 - https:\/\/yoast.com\/wordpress\/plugins\/seo\/ -->\n<title>Drei Denkmale f\u00fcr Drei Jahrhunderte - Padre Kino<\/title>\n<meta name=\"robots\" content=\"index, follow, max-snippet:-1, max-image-preview:large, max-video-preview:-1\" \/>\n<link rel=\"canonical\" href=\"https:\/\/www.padrekino.org\/en\/tre-statue-due-secoli\/\" \/>\n<meta property=\"og:locale\" content=\"de_DE\" \/>\n<meta property=\"og:type\" content=\"article\" \/>\n<meta property=\"og:title\" content=\"Drei Denkmale f\u00fcr Drei Jahrhunderte - Padre Kino\" \/>\n<meta property=\"og:description\" content=\"Die drei Statuen sind Arbeiten des mexikanischen Bildhauers Juli\u00e1n Mart\u00ednez und wurden auf Antrag einer Gruppe von B\u00fcrgern in Tucson, die ein Komitee, um ein Projekt namens Kopf gebildet gegossen &#8222;Drei Statuen drei Jahrhunderte lang.&#8220; Dieses Mal die sensible Darstellung von Kino zu Pferd w\u00fcrde Tucson, Arizona &#8211; &#8211; USA, Missionsgebiet von Padre Kino, Magdalena, [&hellip;]\" \/>\n<meta property=\"og:url\" content=\"https:\/\/www.padrekino.org\/en\/tre-statue-due-secoli\/\" \/>\n<meta property=\"og:site_name\" content=\"Padre Kino\" \/>\n<meta property=\"article:modified_time\" content=\"2016-03-29T11:58:27+00:00\" \/>\n<meta property=\"og:image\" content=\"http:\/\/www.padrekino.org\/wp-content\/uploads\/2015\/12\/magdalena_i-300x200.jpg\" \/>\n<meta name=\"twitter:card\" content=\"summary\" \/>\n<meta name=\"twitter:label1\" content=\"Gesch\u00e4tzte Lesezeit\">\n\t<meta name=\"twitter:data1\" content=\"4\u00a0Minuten\">\n<script type=\"application\/ld+json\" class=\"yoast-schema-graph\">{\"@context\":\"https:\/\/schema.org\",\"@graph\":[{\"@type\":\"WebSite\",\"@id\":\"http:\/\/www.padrekino.org\/de\/#website\",\"url\":\"http:\/\/www.padrekino.org\/de\/\",\"name\":\"Padre Kino\",\"description\":\"Padre a Cavallo\",\"potentialAction\":[{\"@type\":\"SearchAction\",\"target\":\"http:\/\/www.padrekino.org\/de\/?s={search_term_string}\",\"query-input\":\"required name=search_term_string\"}],\"inLanguage\":\"de\"},{\"@type\":\"ImageObject\",\"@id\":\"https:\/\/www.padrekino.org\/en\/tre-statue-due-secoli\/#primaryimage\",\"inLanguage\":\"de\",\"url\":\"http:\/\/www.padrekino.org\/wp-content\/uploads\/2015\/12\/magdalena_i.jpg\",\"width\":1024,\"height\":683},{\"@type\":\"WebPage\",\"@id\":\"https:\/\/www.padrekino.org\/en\/tre-statue-due-secoli\/#webpage\",\"url\":\"https:\/\/www.padrekino.org\/en\/tre-statue-due-secoli\/\",\"name\":\"Drei Denkmale f\\u00fcr Drei Jahrhunderte - Padre Kino\",\"isPartOf\":{\"@id\":\"http:\/\/www.padrekino.org\/de\/#website\"},\"primaryImageOfPage\":{\"@id\":\"https:\/\/www.padrekino.org\/en\/tre-statue-due-secoli\/#primaryimage\"},\"datePublished\":\"2015-12-15T23:26:41+00:00\",\"dateModified\":\"2016-03-29T11:58:27+00:00\",\"inLanguage\":\"de\",\"potentialAction\":[{\"@type\":\"ReadAction\",\"target\":[\"https:\/\/www.padrekino.org\/en\/tre-statue-due-secoli\/\"]}]}]}<\/script>\n<!-- \/ Yoast SEO plugin. -->","_links":{"self":[{"href":"http:\/\/www.padrekino.org\/de\/wp-json\/wp\/v2\/pages\/129"}],"collection":[{"href":"http:\/\/www.padrekino.org\/de\/wp-json\/wp\/v2\/pages"}],"about":[{"href":"http:\/\/www.padrekino.org\/de\/wp-json\/wp\/v2\/types\/page"}],"author":[{"embeddable":true,"href":"http:\/\/www.padrekino.org\/de\/wp-json\/wp\/v2\/users\/2"}],"replies":[{"embeddable":true,"href":"http:\/\/www.padrekino.org\/de\/wp-json\/wp\/v2\/comments?post=129"}],"version-history":[{"count":0,"href":"http:\/\/www.padrekino.org\/de\/wp-json\/wp\/v2\/pages\/129\/revisions"}],"wp:attachment":[{"href":"http:\/\/www.padrekino.org\/de\/wp-json\/wp\/v2\/media?parent=129"}],"curies":[{"name":"wp","href":"https:\/\/api.w.org\/{rel}","templated":true}]}}