{"id":48,"date":"2015-12-13T16:58:04","date_gmt":"2015-12-13T15:58:04","guid":{"rendered":"http:\/\/www.padrekino.org\/?page_id=48"},"modified":"2016-01-17T14:11:16","modified_gmt":"2016-01-17T13:11:16","slug":"il-museo-di-segno","status":"publish","type":"page","link":"http:\/\/www.padrekino.org\/de\/il-museo-di-segno\/","title":{"rendered":"Das Museum von Segno"},"content":{"rendered":"<p><strong>Segno, Das Museum Von Pater Kino<\/strong><\/p>\n<p style=\"text-align: justify;\">Pater Kino hat die Alte Welt verlassen, um in der Neuen Welt ein Zuhause zu finden. Seine alte Heimat hat aber niemals den Pater zu Pferd vergessen. Bereits Monate bevor die Reiterstatue von Pater Kino nach Segno ankam, erwarb das Dorf seiner Geburt einen geeigneten Platz, um die gr\u00f6\u00dfere als lebensgr\u00f6\u00dfe Bronzestatue aufzustellen. Eine alte und im Dorfe angesehene Familie Alfredo und Raffelle Covi und ihre Schwester Caterina haben ihr Haus f\u00fcr Erwerbung vorbereitet, so da\u00df Silvo und Alberto Chini und Mario Magnani k\u00f6nnten den Platz bis zum eventuellen Ankommen der Statue bereithalten. Schnell wurde das Ankommen der Statue zu einem Projekt der gemeinsamen Hoffnung und Erwartung. Die Stadtverwaltung von Tajo trat in eine Vereinbarung mit den neuen Besitzern ein, so da\u00df auf dem Platz eine bleibende Lage f\u00fcr die Statue und f\u00fcr ein Museum geschaffen wurde. Es war nur eine Sache von Monaten bis die gro\u00dfe Bronzestatue ihre letzte Reise von Mexiko durch die windigen Stra\u00dfen von Segno unternohmen hat.<br \/>\nNachdem die Statue 1991 enth\u00fcllt wurde, hat man mit der Einrichtung des Museums begonnen, das direkt hinter der Statue auf dem Platz lokalisiert wurde. Diese Anstrengung sollte nicht nur viel mehr Zeit kosten, sondern auch viel mehr Planung. Zus\u00e4tzlich dazu ben\u00f6tigte man noch eine gro\u00dfe Geldmenge. In den f\u00fcnf n\u00e4chsten Jahren wurden einige Eksponate f\u00fcr das Museum vorbereitet und man k\u00f6nnte die au\u00dfen Ausstattung betrachten. 1996 war endlich das elegante Mosaik auf der Au\u00dfenseite des Hauses fertig. Es war eine ausgezeichnete Arbeit des Mariano Fracalossi, eines K\u00fcnstlers aus Trent. Seine sorgf\u00e4ltige Wiedergabe der Person von Pater Kino wurde durch GIBO (eine Zeramikfirma aus Verona) in Fliesemosaik \u00fcbertragen. Noch einmal zog der Ruhm von Pater Kino K\u00fcnstler und Handwerker in Gewebe der Kreativit\u00e4t.Im Jahre 1997 hat sich die Idee des Museums durchgesetzt. Die Statue und das Mosaik forderten zu einer breiteren Antwort auf, so da\u00df die Pater-Eusebio-Chini-Vereinigung den Architekten Valerio Pedroni aufgetragen hat, das Innenprojekt des Museums zu schaffen. Seine Aufgabe war, die Innenarchitektur, die R\u00e4ume und die M\u00f6bel zu entwerfen. Keine von diesen Entw\u00fcrfen k\u00f6nnten jedoch finaliziert werden, bis ein professionelles Schema der gesammten Ausstellung vorlag. Bei diesem Stand der Dinge wurde ein Team von Fachkr\u00e4ften zusammenberufen. Das Team wurde durch Michele Lanzigher geleitet, den Direktor des Naturwissenschaftlichen Museums in Trent. Seine Arbeit war durch eine wissenschaftliche Kommision unterst\u00fctzt, zu welcher angeh\u00f6rten: der Architekt Pedroni, Gabriella und Alberto Chini, und Silvia Cavini und Sabrina Tamarini, die frische Doktorhutbewerberin, die umfassend das Leben von Pater Kino studiert hat. Das Gutachten dieser Gruppe bestimmte die Reihenfolge der Eksponate in dem neuen Museum. Erst wenn alle zufrieden waren, setzte Pedroni die letzten Ausw\u00e4hlen in eine farbige Schaustellungen um, die genau das Leben und die Arbeit des Missionars in Pimeria Alta abgebildet haben.<br \/>\nDie Exponate des Museum sind vollst\u00e4ndig erkl\u00e4rt und taktvoll in dem dreistockwerkigen Geb\u00e4ude verteilt. In dem Raum der Eingangshalle dominiert eine ein Meter gro\u00dfe Bronzereplica der Silvercruys&#8216; Statue, die in dem Capitol der Vereinigten Staaten steht. Eingerahmte Karten und Bilder im Treppenhaus f\u00fchren zum ersten Stock, wo ein Auditorium den Besucher erwartet. Auf den W\u00e4nden des Auditoriums ist ein pr\u00e4chtiges Wandgem\u00e4lde zu sehen, das das missionarische Leben des Paters Kino in Sonora und Arizona schildert. Dieses Gem\u00e4lde wurde durch Nero de la Pena, einen Einheimischen aus Caborca (Sonora) gemalt. Aus dem Auditorium f\u00fchrt eine Rampe zur Ausstellungshalle im zweiten Stock, in dem Schaukasten ein Astrolabe aus dem 17-Jahrhundert birgt. Das Astrolabe wurde 1996 in Granada (Spanien) erworben.<br \/>\nDieselbe Kaste birgt ein 17-hundertj\u00e4hriges Teleskop im Still von Galilei, das aus Florence stammt. Er wird ausgestellt zusammen mit einem Kompas aus dem 17 JahrhundertDas Pater Kino Museum stellt auf wunderbarer Weise dar die Geschichte des missionarischen Eifers, der wissenschaftlichen Erforschung und der Verpflichtung zur Transformation der eingeborenen Kultur in die raffinierten Weisen der europ\u00e4ischen Zivilisation. Es ist nicht ein Monument der Eroberung, sondern eine zuverl\u00e4\u00dfige Darstellung der sozialen Evolution des Menschen in eine bessere Welt, auch wenn diese Welt mehr komplex ist. Pater Eusebio brachte nicht nur die Fr\u00fcchte der jesuitischen Ausbildung in die Neue Welt mit, sondern er brachte die St\u00e4rke der menschlichen Anstrengung die er so ausf\u00fchrlich in seinem Haus in Tirol gelernt hat.\u00a0<em>(Charles W. Polzer)<\/em><\/p>\n<p style=\"text-align: justify;\"><a href=\"http:\/\/www.padrekino.org\/raggiungere-segno\/\" target=\"_blank\">Wie kommt man zum Museum<\/a>\u00a0und\u00a0<a href=\"http:\/\/www.padrekino.org\/info-sul-museo\/\" target=\"_blank\">Informationen \u00fcber Zeiten und Tage der \u00d6ffnung zu erhalten<\/a><\/p>\n<p>[Best_Wordpress_Gallery id=&#8220;18&#8243; gal_title=&#8220;Museo_DEU&#8220;]<\/p>\n<p style=\"text-align: justify;\"><strong>Segno, das Pater Kino Museum, das Murales von Nereo De La Pe\u00f1a<\/strong><\/p>\n<p style=\"text-align: justify;\">Die sechs murales im Museum Padre Kino in Segno gewidmet angezeigt wurden auf Zementplatten von Nereo De La Pe\u00f1a malte einen mexikanischen Wandmaler von Caborca \u200b\u200b, die sie in Rivera -esque Stil gemalt ( aus dem mexikanischen K\u00fcnstler Diego de Rivera ) .<br \/>\nJeder der sechs Platten, die eine nach der anderen mit enormen k\u00fcnstlerischen Effekt ausgekleidet sind, f\u00fcr sechs verschiedene Momente des Lebens von Pater Kino in Pimeria Alta . aus dem Leben der Eingeborenen vor den spanischen durch ihre Fortschritte . Andere interessante murales sind im Inneren des Museums angezeigt.<br \/>\nNero De La Pe\u00f1a ist Autor mehrerer murales in Val di Non , ist eine an der Mittelschule in Segno vorhanden . Interessant zu erw\u00e4hnen ist auch derjenige , der die Wappen der Adelsfamilie von Padre Kino , ( Chini ) im Inneren des Museums .<\/p>\n<p>&nbsp;<\/p>\n<h5><a href=\"http:\/\/www.padrekino.org\/wp-content\/uploads\/2015\/12\/Mosaico_di_Mariano_Fracalossi.jpg\" rel=\"attachment wp-att-50\"><img loading=\"lazy\" class=\"wp-image-50 size-medium alignleft\" src=\"http:\/\/www.padrekino.org\/wp-content\/uploads\/2015\/12\/Mosaico_di_Mariano_Fracalossi-255x300.jpg\" alt=\"Mosaico_di_Mariano_Fracalossi\" width=\"255\" height=\"300\" srcset=\"http:\/\/www.padrekino.org\/wp-content\/uploads\/2015\/12\/Mosaico_di_Mariano_Fracalossi-255x300.jpg 255w, http:\/\/www.padrekino.org\/wp-content\/uploads\/2015\/12\/Mosaico_di_Mariano_Fracalossi.jpg 422w\" sizes=\"(max-width: 255px) 100vw, 255px\" \/><\/a><\/h5>\n<p style=\"text-align: justify;\"><strong>Das Mosaik von Mariano Fracalossi<br \/>\n<\/strong><br \/>\nEntwurf des italienischen K\u00fcnstlers Mariano Fracalossi von Trent . Es zeigt die verschiedenen Schritte der menschlichen Unbest\u00e4ndigkeit von Padre Kino von seiner Geburt ( die Kirche von Torra ) , die Segel in die Neue Welt , seiner gl\u00fccklichen Begegnung mit den Indianern , der Kreuzung der er Colorado bis zu seinem Tod und Begr\u00e4bnis in Magdalena . Das Mausoleum fehlen auf der Skizze , werden bei der Verlegung des Mosaiks auf Anfrage des Kino Ausschuss sp\u00e4ter hinzugef\u00fcgt werden. Das Mosaik wird er Wand au\u00dferhalb des Museums gelegt<\/p>\n<p><\/p>","protected":false},"excerpt":{"rendered":"<p>Segno, Das Museum Von Pater Kino Pater Kino hat die Alte Welt verlassen, um in der Neuen Welt ein Zuhause zu finden. Seine alte Heimat hat aber niemals den Pater zu Pferd vergessen. Bereits Monate bevor die Reiterstatue von Pater Kino nach Segno ankam, erwarb das Dorf seiner Geburt einen geeigneten Platz, um die gr\u00f6\u00dfere [&hellip;]<\/p>\n","protected":false},"author":2,"featured_media":0,"parent":0,"menu_order":0,"comment_status":"closed","ping_status":"closed","template":"","meta":[],"yoast_head":"<!-- This site is optimized with the Yoast SEO plugin v15.5 - https:\/\/yoast.com\/wordpress\/plugins\/seo\/ -->\n<title>Das Museum von Segno - Padre Kino<\/title>\n<meta name=\"robots\" content=\"index, follow, max-snippet:-1, max-image-preview:large, max-video-preview:-1\" \/>\n<link rel=\"canonical\" href=\"http:\/\/www.padrekino.org\/es\/il-museo-di-segno\/\" \/>\n<meta property=\"og:locale\" content=\"de_DE\" \/>\n<meta property=\"og:type\" content=\"article\" \/>\n<meta property=\"og:title\" content=\"Das Museum von Segno - Padre Kino\" \/>\n<meta property=\"og:description\" content=\"Segno, Das Museum Von Pater Kino Pater Kino hat die Alte Welt verlassen, um in der Neuen Welt ein Zuhause zu finden. Seine alte Heimat hat aber niemals den Pater zu Pferd vergessen. Bereits Monate bevor die Reiterstatue von Pater Kino nach Segno ankam, erwarb das Dorf seiner Geburt einen geeigneten Platz, um die gr\u00f6\u00dfere [&hellip;]\" \/>\n<meta property=\"og:url\" content=\"http:\/\/www.padrekino.org\/es\/il-museo-di-segno\/\" \/>\n<meta property=\"og:site_name\" content=\"Padre Kino\" \/>\n<meta property=\"article:modified_time\" content=\"2016-01-17T13:11:16+00:00\" \/>\n<meta property=\"og:image\" content=\"http:\/\/www.padrekino.org\/wp-content\/uploads\/2015\/12\/Mosaico_di_Mariano_Fracalossi-255x300.jpg\" \/>\n<meta name=\"twitter:card\" content=\"summary\" \/>\n<meta name=\"twitter:label1\" content=\"Gesch\u00e4tzte Lesezeit\">\n\t<meta name=\"twitter:data1\" content=\"13\u00a0Minuten\">\n<script type=\"application\/ld+json\" class=\"yoast-schema-graph\">{\"@context\":\"https:\/\/schema.org\",\"@graph\":[{\"@type\":\"WebSite\",\"@id\":\"http:\/\/www.padrekino.org\/#website\",\"url\":\"http:\/\/www.padrekino.org\/\",\"name\":\"Padre Kino\",\"description\":\"Padre a Cavallo\",\"potentialAction\":[{\"@type\":\"SearchAction\",\"target\":\"http:\/\/www.padrekino.org\/?s={search_term_string}\",\"query-input\":\"required name=search_term_string\"}],\"inLanguage\":\"de\"},{\"@type\":\"ImageObject\",\"@id\":\"http:\/\/www.padrekino.org\/es\/il-museo-di-segno\/#primaryimage\",\"inLanguage\":\"de\",\"url\":\"http:\/\/www.padrekino.org\/wp-content\/uploads\/2015\/12\/Mosaico_di_Mariano_Fracalossi.jpg\",\"width\":422,\"height\":497},{\"@type\":\"WebPage\",\"@id\":\"http:\/\/www.padrekino.org\/es\/il-museo-di-segno\/#webpage\",\"url\":\"http:\/\/www.padrekino.org\/es\/il-museo-di-segno\/\",\"name\":\"Das Museum von Segno - Padre Kino\",\"isPartOf\":{\"@id\":\"http:\/\/www.padrekino.org\/#website\"},\"primaryImageOfPage\":{\"@id\":\"http:\/\/www.padrekino.org\/es\/il-museo-di-segno\/#primaryimage\"},\"datePublished\":\"2015-12-13T15:58:04+00:00\",\"dateModified\":\"2016-01-17T13:11:16+00:00\",\"inLanguage\":\"de\",\"potentialAction\":[{\"@type\":\"ReadAction\",\"target\":[\"http:\/\/www.padrekino.org\/es\/il-museo-di-segno\/\"]}]}]}<\/script>\n<!-- \/ Yoast SEO plugin. -->","_links":{"self":[{"href":"http:\/\/www.padrekino.org\/de\/wp-json\/wp\/v2\/pages\/48"}],"collection":[{"href":"http:\/\/www.padrekino.org\/de\/wp-json\/wp\/v2\/pages"}],"about":[{"href":"http:\/\/www.padrekino.org\/de\/wp-json\/wp\/v2\/types\/page"}],"author":[{"embeddable":true,"href":"http:\/\/www.padrekino.org\/de\/wp-json\/wp\/v2\/users\/2"}],"replies":[{"embeddable":true,"href":"http:\/\/www.padrekino.org\/de\/wp-json\/wp\/v2\/comments?post=48"}],"version-history":[{"count":0,"href":"http:\/\/www.padrekino.org\/de\/wp-json\/wp\/v2\/pages\/48\/revisions"}],"wp:attachment":[{"href":"http:\/\/www.padrekino.org\/de\/wp-json\/wp\/v2\/media?parent=48"}],"curies":[{"name":"wp","href":"https:\/\/api.w.org\/{rel}","templated":true}]}}