{"id":90,"date":"2015-12-15T15:06:04","date_gmt":"2015-12-15T14:06:04","guid":{"rendered":"http:\/\/www.padrekino.org\/?page_id=90"},"modified":"2016-03-29T13:55:27","modified_gmt":"2016-03-29T11:55:27","slug":"le-missioni","status":"publish","type":"page","link":"http:\/\/www.padrekino.org\/de\/le-missioni\/","title":{"rendered":"Missionen"},"content":{"rendered":"<p><\/p>\n<p style=\"text-align: center;\"><em>Die Karte von\u00a0Papaguer\u00eda<\/em><\/p>\n<p style=\"text-align: justify;\"><img class=\"aligncenter\" src=\"http:\/\/www.padrekino.org\/wp-content\/uploads\/2015\/12\/missions_map_1-300x274.jpg\" alt=\"missions_map_1\" \/><\/p>\n<hr \/>\n<p>Google-Karte von Kino Missionen: \u00a0<a href=\"https:\/\/www.google.com\/maps\/d\/viewer?mid=zvxlpf_p4TL4.k30SzNtDUCZY&amp;hl=en_US\">https:\/\/www.google.com\/maps\/d\/viewer?mid=zvxlpf_p4TL4.k30SzNtDUCZY&amp;hl=en_US<\/a><\/p>\n<hr \/>\n<p><strong>Mission La Pur\u00edssima Concepcion de Nuestra Se\u00f1ora de Caborca<\/strong><\/p>\n<p style=\"text-align: justify;\">T\u00e4uschend friedlich, Caborca \u200b\u200bliegt an den Ufern des R\u00edo Conception im Herzen einer beeindruckenden und fruchtbaren Ebenen im Grand Desert westlich von Sonora entfernt. Das gleiche Vater Kino wurde von seinem Potenzial \u00fcberzeugt und fing an, eine Mission im Jahre 1693 zu bauen.<br \/>\nDie heutige Kirche wurde zwischen 1803 und 1809. Es zeigt einige \u00c4hnlichkeiten mit Mission San Xavier del Bac gebaut. N\u00f6rdlich der Kirche stand ein Kloster, aber die schrecklichen \u00dcberschwemmungen zu Beginn des 20. Jahrhunderts gegossen auf <a href=\"http:\/\/www.padrekino.org\/wp-content\/uploads\/2015\/12\/cabo_2.jpg\" rel=\"attachment wp-att-682\"><img loading=\"lazy\" class=\"size-medium wp-image-682 alignright\" src=\"http:\/\/www.padrekino.org\/wp-content\/uploads\/2015\/12\/cabo_2-300x220.jpg\" alt=\"cabo_2\" width=\"300\" height=\"220\" srcset=\"http:\/\/www.padrekino.org\/wp-content\/uploads\/2015\/12\/cabo_2-300x220.jpg 300w, http:\/\/www.padrekino.org\/wp-content\/uploads\/2015\/12\/cabo_2-768x562.jpg 768w, http:\/\/www.padrekino.org\/wp-content\/uploads\/2015\/12\/cabo_2-1024x749.jpg 1024w, http:\/\/www.padrekino.org\/wp-content\/uploads\/2015\/12\/cabo_2.jpg 1200w\" sizes=\"(max-width: 300px) 100vw, 300px\" \/><\/a>den Aufbau und durch die Art der Sakristei und der R\u00fcckseite des Heiligtums erodiert. Die mexikanische Regierung hat seit dem die Kirche restauriert und erkl\u00e4rte es ein nationales Denkmal.<br \/>\nEin neuer Platz wurde vor der Kirche im Jahr 1967. Das kleine Bogen, der als Haupteingang zum Quadrat wurde mit Steinen der Fassade einer alten Kapelle in der Stadt von Batuc, die von den Gew\u00e4ssern des Stausees \u00fcberflutet wurde gebaut, dient erstellt auf dem R\u00edo Yaqui El Novillo. Im Jahre 1997 wurde der Platz erheblich erweitert.<\/p>\n<p style=\"text-align: justify;\"><strong>Mission Santa Maria Magdalena (de Kino)<\/strong><\/p>\n<p style=\"text-align: justify;\"><a href=\"http:\/\/www.padrekino.org\/wp-content\/uploads\/2015\/12\/magdalena_j.jpg\" rel=\"attachment wp-att-717\"><img loading=\"lazy\" class=\"size-medium wp-image-717 aligncenter\" src=\"http:\/\/www.padrekino.org\/wp-content\/uploads\/2015\/12\/magdalena_j-300x257.jpg\" alt=\"magdalena_j\" width=\"300\" height=\"257\" srcset=\"http:\/\/www.padrekino.org\/wp-content\/uploads\/2015\/12\/magdalena_j-300x257.jpg 300w, http:\/\/www.padrekino.org\/wp-content\/uploads\/2015\/12\/magdalena_j.jpg 485w\" sizes=\"(max-width: 300px) 100vw, 300px\" \/><\/a><\/p>\n<p style=\"text-align: justify;\"><strong>Mission San Antonio de Oquitoa<\/strong><\/p>\n<p style=\"text-align: justify;\"><a href=\"http:\/\/www.padrekino.org\/wp-content\/uploads\/2015\/12\/oquitoa.jpg\" rel=\"attachment wp-att-718\"><img loading=\"lazy\" class=\"size-medium wp-image-718 aligncenter\" src=\"http:\/\/www.padrekino.org\/wp-content\/uploads\/2015\/12\/oquitoa-225x300.jpg\" alt=\"oquitoa\" width=\"225\" height=\"300\" srcset=\"http:\/\/www.padrekino.org\/wp-content\/uploads\/2015\/12\/oquitoa-225x300.jpg 225w, http:\/\/www.padrekino.org\/wp-content\/uploads\/2015\/12\/oquitoa.jpg 480w\" sizes=\"(max-width: 225px) 100vw, 225px\" \/><\/a><\/p>\n<p style=\"text-align: justify;\"><strong><br \/>\nMission San Diego de Pitiquito<\/strong><\/p>\n<p style=\"text-align: justify;\"><a href=\"http:\/\/www.padrekino.org\/wp-content\/uploads\/2015\/12\/pitiquito.jpg\" rel=\"attachment wp-att-719\"><img loading=\"lazy\" class=\"size-medium wp-image-719 aligncenter\" src=\"http:\/\/www.padrekino.org\/wp-content\/uploads\/2015\/12\/pitiquito-300x225.jpg\" alt=\"pitiquito\" width=\"300\" height=\"225\" srcset=\"http:\/\/www.padrekino.org\/wp-content\/uploads\/2015\/12\/pitiquito-300x225.jpg 300w, http:\/\/www.padrekino.org\/wp-content\/uploads\/2015\/12\/pitiquito.jpg 500w\" sizes=\"(max-width: 300px) 100vw, 300px\" \/><\/a><\/p>\n<p style=\"text-align: justify;\"><strong><br \/>\nMission San Ignacio de Caburica<\/strong><\/p>\n<p style=\"text-align: justify;\">San Ignacio de Caburica, sechs Meilen von Magdalena de Kino befindet, hinauf auf den Fluss liegt friedvoll auf einige niedrige H\u00fcgel, um die sich der Fluss aus Imuris, dreht seinen Lauf. San Ignacio ist eine der Freuden des authentischen Grenzmissionen von Sonora.<br \/>\nDer Ort der Mission wurde von Pater Kino im Jahre 1687 gew\u00e4hlt, weil Caburica war ein bev\u00f6lkerungsreichsten indischen Bauernhof. Eine kleine Reihe von Kapellen wie &#8222;Besuch&#8220; oder als provisorische Geb\u00e4ude, bis 1693, als er ankam Pater Augustin de Campos nach Caburica in &#8222;cabecera&#8220; umzu serviert.<br \/>\n<a href=\"http:\/\/www.padrekino.org\/wp-content\/uploads\/2015\/12\/san_ignacio_1.jpg\" rel=\"attachment wp-att-699\"><img loading=\"lazy\" class=\"size-medium wp-image-699 alignright\" src=\"http:\/\/www.padrekino.org\/wp-content\/uploads\/2015\/12\/san_ignacio_1-300x205.jpg\" alt=\"san_ignacio_1\" width=\"300\" height=\"205\" srcset=\"http:\/\/www.padrekino.org\/wp-content\/uploads\/2015\/12\/san_ignacio_1-300x205.jpg 300w, http:\/\/www.padrekino.org\/wp-content\/uploads\/2015\/12\/san_ignacio_1-768x524.jpg 768w, http:\/\/www.padrekino.org\/wp-content\/uploads\/2015\/12\/san_ignacio_1.jpg 886w\" sizes=\"(max-width: 300px) 100vw, 300px\" \/><\/a>Seine neue Kirche wurde in Brand w\u00e4hrend der Pima Aufstand 1695 eingestellt, wurde aber bald wieder aufgebaut. Seit vierzig Jahren, eine der l\u00e4ngsten Perioden des missionarischen Dienst immer in Ober Pimeria aufgezeichnet, serviert San Ignacio als Hauptquartier f\u00fcr Vater Campos.<br \/>\nLanglebigkeit und Genialit\u00e4t Missionar von San Ignacio Campos einen Boden \u00dcbung f\u00fcr neue Jesuiten, die zu den Aufgaben des Pimeria kam. Nat\u00fcrlich ist die Anwesenheit von Campos in die Mission, wegen seiner bemerkenswerten Kenntnisse \u00fcber die verschiedenen Dialekte Pima, hatte San Ignacio eine Sprachschule sowie ein Testgel\u00e4nde f\u00fcr diejenigen, die weiter entfernten Gemeinden zugewiesen werden w\u00fcrde.<br \/>\nAls im Jahre 1779 die gesamte Nordgrenze wurde in der Di\u00f6zese von Sonora gesammelt, San Ignacio vergessen. Heute ist die pueblo ein Juwel der Ruhe.<\/p>\n<p style=\"text-align: justify;\"><strong>Mission San Xavier del Bac<\/strong><\/p>\n<p style=\"text-align: justify;\">Die Grundlagen der gro\u00dfen Mission der Mission San Xavier del Bac wurden im Jahre 1700 von Pater Eusebio Kino gelegt. Einige Jahre zuvor hatte er damit, die das gr\u00f6\u00dfte Dorf entlang der Pima Santa Cruz schien, aber auch nach der Mission abgeschlossen wurde, es war frei bis in die ersten Jahrzehnte des 18. Jahrhunderts beeindruckt.<br \/>\nDie gr\u00f6\u00dfte adobe Struktur durch Espinosa gebaut war das gleiche von den Franziskanern verwendet werden, wenn sie in Besitz nahm im Jahre 1768 nach dem erzwungenen Exil der Jesuiten. Au\u00dferdem diente es als Hauptsitz nach Fra &#8218;Francisco Garc\u00e9s Hermenegildo, bis es nach Tucson r\u00fcckte n\u00e4her an die Garnison gerade gebaut zu sein.<br \/>\nHeute ist die Mission San Xavier del Bac ist einer der Sch\u00e4tze der Kolonialkunst in <a href=\"http:\/\/www.padrekino.org\/wp-content\/uploads\/2016\/01\/Mission_san_salvior_del_blac.jpg\" rel=\"attachment wp-att-707\"><img loading=\"lazy\" class=\"size-medium wp-image-707 alignleft\" src=\"http:\/\/www.padrekino.org\/wp-content\/uploads\/2016\/01\/Mission_san_salvior_del_blac-300x253.jpg\" alt=\"Mission_san_salvior_del_blac\" width=\"300\" height=\"253\" srcset=\"http:\/\/www.padrekino.org\/wp-content\/uploads\/2016\/01\/Mission_san_salvior_del_blac-300x253.jpg 300w, http:\/\/www.padrekino.org\/wp-content\/uploads\/2016\/01\/Mission_san_salvior_del_blac-768x648.jpg 768w, http:\/\/www.padrekino.org\/wp-content\/uploads\/2016\/01\/Mission_san_salvior_del_blac.jpg 800w\" sizes=\"(max-width: 300px) 100vw, 300px\" \/><\/a>Amerika. Seine Architektur ist barocke Pracht der europ\u00e4ischen Zivilisation, die zuerst in die W\u00fcste Grenze von Sonora und Arizona kam. Umgeben von Feldern von Weizen und Baumwolle, und die Siedlungen des Adobe Papago ist eine Seite aus der Vergangenheit, die in den Verkehr auf Autobahnen und die Verschwendung von \u00fcberf\u00fcllten St\u00e4dten in Vergessenheit geraten ist.<\/p>\n<p>&nbsp;<\/p>\n<p><strong>Mission San Pedro y San Pablo, Tubutama<\/strong><\/p>\n<p style=\"text-align: justify;\"><a href=\"http:\/\/www.padrekino.org\/wp-content\/uploads\/2015\/12\/1754735.jpg\" rel=\"attachment wp-att-713\"><img loading=\"lazy\" class=\"size-medium wp-image-713 aligncenter\" src=\"http:\/\/www.padrekino.org\/wp-content\/uploads\/2015\/12\/1754735-225x300.jpg\" alt=\"1754735\" width=\"225\" height=\"300\" srcset=\"http:\/\/www.padrekino.org\/wp-content\/uploads\/2015\/12\/1754735-225x300.jpg 225w, http:\/\/www.padrekino.org\/wp-content\/uploads\/2015\/12\/1754735.jpg 768w\" sizes=\"(max-width: 225px) 100vw, 225px\" \/><\/a><\/p>\n<p style=\"text-align: justify;\"><strong>Mission San Cayetano de Tumacacori<\/strong><\/p>\n<p style=\"text-align: justify;\">Die Vergangenheit von Tumacacori ist ziemlich widerspr\u00fcchlich. Alle Karten von Pater Kino zeigen einen indischen Dorf im Osten von Tumacacori den Santa Cruz <a href=\"http:\/\/www.padrekino.org\/wp-content\/uploads\/2015\/12\/tumacacori_2.jpg\" rel=\"attachment wp-att-715\"><img loading=\"lazy\" class=\"size-medium wp-image-715 alignright\" src=\"http:\/\/www.padrekino.org\/wp-content\/uploads\/2015\/12\/tumacacori_2-300x200.jpg\" alt=\"tumacacori_2\" width=\"300\" height=\"200\" srcset=\"http:\/\/www.padrekino.org\/wp-content\/uploads\/2015\/12\/tumacacori_2-300x200.jpg 300w, http:\/\/www.padrekino.org\/wp-content\/uploads\/2015\/12\/tumacacori_2.jpg 600w\" sizes=\"(max-width: 300px) 100vw, 300px\" \/><\/a>River. Das Resort war sicherlich der ideale Ort, um den Fluss zu \u00fcberqueren, da sein Wasser die M\u00f6glichkeit hatte, zu erweitern. Tumacacori von der Strecke \u00fcberquerte den Fluss im Westen und weiter bis auf Mission San Xavier del Bac zu gehen. Durch die Mitte Jesuit war nichts als eine kleine Kapelle auf den Seiten des Weges und seine Bedeutung mit den Ver\u00e4nderungen der indischen Bev\u00f6lkerung ver\u00e4ndert. Es scheint, dass, weil der wiederkehrenden Einf\u00e4lle der Apachen, die Sobaipuri zog sich aus dem Tal des Flusses San Pedro, Zuflucht in diesen Missionen unter dem Schutz der Spanier zu nehmen.<br \/>\nDa die aktuelle Mission nimmt einen neuen Namen, San Jose de Tumacacori, ist es sehr wahrscheinlich, dass die Kirche in einem anderen Ort gebaut, in einer anderen <a href=\"http:\/\/www.padrekino.org\/wp-content\/uploads\/2015\/12\/tumacacori_1.jpg\" rel=\"attachment wp-att-714\"><img loading=\"lazy\" class=\"size-medium wp-image-714 alignleft\" src=\"http:\/\/www.padrekino.org\/wp-content\/uploads\/2015\/12\/tumacacori_1-300x162.jpg\" alt=\"tumacacori_1\" width=\"300\" height=\"162\" srcset=\"http:\/\/www.padrekino.org\/wp-content\/uploads\/2015\/12\/tumacacori_1-300x162.jpg 300w, http:\/\/www.padrekino.org\/wp-content\/uploads\/2015\/12\/tumacacori_1-768x415.jpg 768w, http:\/\/www.padrekino.org\/wp-content\/uploads\/2015\/12\/tumacacori_1-1024x553.jpg 1024w, http:\/\/www.padrekino.org\/wp-content\/uploads\/2015\/12\/tumacacori_1-1260x680.jpg 1260w\" sizes=\"(max-width: 300px) 100vw, 300px\" \/><\/a>als der von Pater Kino gew\u00e4hlten Weg. Die aktuelle Mission wurde im Jahre 1773 gebaut und zu verschiedenen Zeiten wieder aufgebaut. Der Bau einer gr\u00f6\u00dferen Kirche wurde im Jahr des Beginns der mexikanischen Unabh\u00e4ngigkeitskrieg begann, wurde aber im Jahr 1822 wegen des Mangels an Mitteln aus der realen Kassen unterbrochen. Allerdings hat die Kirche in Gebrauch bis zu, dass in den Jahren nach 1840 war, wurde die S\u00e4kularisierung wirksam.<br \/>\nTumacacori ist jetzt der Sitz der Tumacacori National Historical Park. Fr\u00fcher, im Jahr 1908, als es um die Steuerung der National Parks Service gegeben, wurde es unter Denkmalschutz; dann im Jahr 1990 durch Gesetz des Kongresses, in der Tat kaufte sie den Status eines Nationalpark.<\/p>\n<p><\/p>","protected":false},"excerpt":{"rendered":"<p>Die Karte von\u00a0Papaguer\u00eda Google-Karte von Kino Missionen: \u00a0https:\/\/www.google.com\/maps\/d\/viewer?mid=zvxlpf_p4TL4.k30SzNtDUCZY&amp;hl=en_US Mission La Pur\u00edssima Concepcion de Nuestra Se\u00f1ora de Caborca T\u00e4uschend friedlich, Caborca \u200b\u200bliegt an den Ufern des R\u00edo Conception im Herzen einer beeindruckenden und fruchtbaren Ebenen im Grand Desert westlich von Sonora entfernt. Das gleiche Vater Kino wurde von seinem Potenzial \u00fcberzeugt und fing an, eine Mission [&hellip;]<\/p>\n","protected":false},"author":2,"featured_media":0,"parent":0,"menu_order":0,"comment_status":"closed","ping_status":"closed","template":"","meta":[],"yoast_head":"<!-- This site is optimized with the Yoast SEO plugin v15.5 - https:\/\/yoast.com\/wordpress\/plugins\/seo\/ -->\n<title>Missionen - Padre Kino<\/title>\n<meta name=\"robots\" content=\"index, follow, max-snippet:-1, max-image-preview:large, max-video-preview:-1\" \/>\n<link rel=\"canonical\" href=\"http:\/\/www.padrekino.org\/le-missioni\/\" \/>\n<meta property=\"og:locale\" content=\"de_DE\" \/>\n<meta property=\"og:type\" content=\"article\" \/>\n<meta property=\"og:title\" content=\"Missionen - Padre Kino\" \/>\n<meta property=\"og:description\" content=\"Die Karte von\u00a0Papaguer\u00eda Google-Karte von Kino Missionen: \u00a0https:\/\/www.google.com\/maps\/d\/viewer?mid=zvxlpf_p4TL4.k30SzNtDUCZY&amp;hl=en_US Mission La Pur\u00edssima Concepcion de Nuestra Se\u00f1ora de Caborca T\u00e4uschend friedlich, Caborca \u200b\u200bliegt an den Ufern des R\u00edo Conception im Herzen einer beeindruckenden und fruchtbaren Ebenen im Grand Desert westlich von Sonora entfernt. Das gleiche Vater Kino wurde von seinem Potenzial \u00fcberzeugt und fing an, eine Mission [&hellip;]\" \/>\n<meta property=\"og:url\" content=\"http:\/\/www.padrekino.org\/le-missioni\/\" \/>\n<meta property=\"og:site_name\" content=\"Padre Kino\" \/>\n<meta property=\"article:modified_time\" content=\"2016-03-29T11:55:27+00:00\" \/>\n<meta property=\"og:image\" content=\"http:\/\/www.padrekino.org\/wp-content\/uploads\/2015\/12\/missions_map_1-300x274.jpg\" \/>\n<meta name=\"twitter:card\" content=\"summary\" \/>\n<meta name=\"twitter:label1\" content=\"Gesch\u00e4tzte Lesezeit\">\n\t<meta name=\"twitter:data1\" content=\"17\u00a0Minuten\">\n<script type=\"application\/ld+json\" class=\"yoast-schema-graph\">{\"@context\":\"https:\/\/schema.org\",\"@graph\":[{\"@type\":\"WebSite\",\"@id\":\"http:\/\/www.padrekino.org\/#website\",\"url\":\"http:\/\/www.padrekino.org\/\",\"name\":\"Padre Kino\",\"description\":\"Padre a Cavallo\",\"potentialAction\":[{\"@type\":\"SearchAction\",\"target\":\"http:\/\/www.padrekino.org\/?s={search_term_string}\",\"query-input\":\"required name=search_term_string\"}],\"inLanguage\":\"de\"},{\"@type\":\"ImageObject\",\"@id\":\"http:\/\/www.padrekino.org\/le-missioni\/#primaryimage\",\"inLanguage\":\"de\",\"url\":\"http:\/\/www.padrekino.org\/wp-content\/uploads\/2015\/12\/missions_map_1.jpg\",\"width\":580,\"height\":529},{\"@type\":\"WebPage\",\"@id\":\"http:\/\/www.padrekino.org\/le-missioni\/#webpage\",\"url\":\"http:\/\/www.padrekino.org\/le-missioni\/\",\"name\":\"Missionen - Padre Kino\",\"isPartOf\":{\"@id\":\"http:\/\/www.padrekino.org\/#website\"},\"primaryImageOfPage\":{\"@id\":\"http:\/\/www.padrekino.org\/le-missioni\/#primaryimage\"},\"datePublished\":\"2015-12-15T14:06:04+00:00\",\"dateModified\":\"2016-03-29T11:55:27+00:00\",\"inLanguage\":\"de\",\"potentialAction\":[{\"@type\":\"ReadAction\",\"target\":[\"http:\/\/www.padrekino.org\/le-missioni\/\"]}]}]}<\/script>\n<!-- \/ Yoast SEO plugin. -->","_links":{"self":[{"href":"http:\/\/www.padrekino.org\/de\/wp-json\/wp\/v2\/pages\/90"}],"collection":[{"href":"http:\/\/www.padrekino.org\/de\/wp-json\/wp\/v2\/pages"}],"about":[{"href":"http:\/\/www.padrekino.org\/de\/wp-json\/wp\/v2\/types\/page"}],"author":[{"embeddable":true,"href":"http:\/\/www.padrekino.org\/de\/wp-json\/wp\/v2\/users\/2"}],"replies":[{"embeddable":true,"href":"http:\/\/www.padrekino.org\/de\/wp-json\/wp\/v2\/comments?post=90"}],"version-history":[{"count":0,"href":"http:\/\/www.padrekino.org\/de\/wp-json\/wp\/v2\/pages\/90\/revisions"}],"wp:attachment":[{"href":"http:\/\/www.padrekino.org\/de\/wp-json\/wp\/v2\/media?parent=90"}],"curies":[{"name":"wp","href":"https:\/\/api.w.org\/{rel}","templated":true}]}}