{"id":57,"date":"2015-12-13T17:17:46","date_gmt":"2015-12-13T16:17:46","guid":{"rendered":"http:\/\/www.padrekino.org\/?page_id=57"},"modified":"2016-06-21T23:25:11","modified_gmt":"2016-06-21T21:25:11","slug":"info-sul-museo","status":"publish","type":"page","link":"http:\/\/www.padrekino.org\/en\/info-sul-museo\/","title":{"rendered":"About the Museum of Segno"},"content":{"rendered":"<p><\/p>\n<h5>Museum opening hours<\/h5>\n<p>For the months of June, July, August and September, the schedule is as follows:<\/p>\n<p>Tuesday &#8211; Wednesday &#8211; Thursday &#8211; Friday &#8211; Saturday from 14:00 to 18:00 &#8211; Sunday from 15:00 to 18:00.<\/p>\n<p>Monday closed.<\/p>\n<p>Posibles aberturas en las horas de la ma\u00f1ana, de los mismos d\u00edas, se deben solicitar en la Direcci\u00f3n de la Asociaci\u00f3n por lo menos una semana antes por e-mail a la direcci\u00f3n siguiente:<strong> info@padrekino.org<\/strong> o <strong>chinidoc@tin.it<\/strong><br \/>\nPor tel\u00e9fono, llame al n\u00famero <strong>+390463\/468248.<\/strong><\/p>\n<p style=\"text-align: center;\">Direcci\u00f3n:<\/p>\n<p style=\"text-align: center;\"><a href=\"http:\/\/www.padrekino.org\/raggiungere-segno\/\" target=\"_blank\">Piazza Chini Padre E. F. 10<\/a><br \/>\n<a href=\"http:\/\/www.padrekino.org\/raggiungere-segno\/\" target=\"_blank\">38012 Segno TN<\/a><\/p>\n<p><\/p>","protected":false},"excerpt":{"rendered":"<p>Museum opening hours For the months of June, July, August and September, the schedule is as follows: Tuesday &#8211; Wednesday &#8211; Thursday &#8211; Friday &#8211; Saturday from 14:00 to 18:00 &#8211; Sunday from 15:00 to 18:00. Monday closed. Posibles aberturas en las horas de la ma\u00f1ana, de los mismos d\u00edas, se deben solicitar en la [&hellip;]<\/p>\n","protected":false},"author":2,"featured_media":0,"parent":0,"menu_order":0,"comment_status":"closed","ping_status":"closed","template":"","meta":[],"yoast_head":"<!-- This site is optimized with the Yoast SEO plugin v15.5 - https:\/\/yoast.com\/wordpress\/plugins\/seo\/ -->\n<title>About the Museum of Segno - Padre Kino<\/title>\n<meta name=\"robots\" content=\"index, follow, max-snippet:-1, max-image-preview:large, max-video-preview:-1\" \/>\n<link rel=\"canonical\" href=\"http:\/\/www.padrekino.org\/de\/info-sul-museo\/\" \/>\n<meta property=\"og:locale\" content=\"en_US\" \/>\n<meta property=\"og:type\" content=\"article\" \/>\n<meta property=\"og:title\" content=\"About the Museum of Segno - Padre Kino\" \/>\n<meta property=\"og:description\" content=\"Museum opening hours For the months of June, July, August and September, the schedule is as follows: Tuesday &#8211; Wednesday &#8211; Thursday &#8211; Friday &#8211; Saturday from 14:00 to 18:00 &#8211; Sunday from 15:00 to 18:00. Monday closed. Posibles aberturas en las horas de la ma\u00f1ana, de los mismos d\u00edas, se deben solicitar en la [&hellip;]\" \/>\n<meta property=\"og:url\" content=\"http:\/\/www.padrekino.org\/de\/info-sul-museo\/\" \/>\n<meta property=\"og:site_name\" content=\"Padre Kino\" \/>\n<meta property=\"article:modified_time\" content=\"2016-06-21T21:25:11+00:00\" \/>\n<meta name=\"twitter:card\" content=\"summary\" \/>\n<meta name=\"twitter:label1\" content=\"Est. reading time\">\n\t<meta name=\"twitter:data1\" content=\"1 minute\">\n<script type=\"application\/ld+json\" class=\"yoast-schema-graph\">{\"@context\":\"https:\/\/schema.org\",\"@graph\":[{\"@type\":\"WebSite\",\"@id\":\"https:\/\/www.padrekino.org\/#website\",\"url\":\"https:\/\/www.padrekino.org\/\",\"name\":\"Padre Kino\",\"description\":\"Padre a Cavallo\",\"potentialAction\":[{\"@type\":\"SearchAction\",\"target\":\"https:\/\/www.padrekino.org\/?s={search_term_string}\",\"query-input\":\"required name=search_term_string\"}],\"inLanguage\":\"en-US\"},{\"@type\":\"WebPage\",\"@id\":\"http:\/\/www.padrekino.org\/de\/info-sul-museo\/#webpage\",\"url\":\"http:\/\/www.padrekino.org\/de\/info-sul-museo\/\",\"name\":\"About the Museum of Segno - Padre Kino\",\"isPartOf\":{\"@id\":\"https:\/\/www.padrekino.org\/#website\"},\"datePublished\":\"2015-12-13T16:17:46+00:00\",\"dateModified\":\"2016-06-21T21:25:11+00:00\",\"inLanguage\":\"en-US\",\"potentialAction\":[{\"@type\":\"ReadAction\",\"target\":[\"http:\/\/www.padrekino.org\/de\/info-sul-museo\/\"]}]}]}<\/script>\n<!-- \/ Yoast SEO plugin. -->","_links":{"self":[{"href":"http:\/\/www.padrekino.org\/en\/wp-json\/wp\/v2\/pages\/57"}],"collection":[{"href":"http:\/\/www.padrekino.org\/en\/wp-json\/wp\/v2\/pages"}],"about":[{"href":"http:\/\/www.padrekino.org\/en\/wp-json\/wp\/v2\/types\/page"}],"author":[{"embeddable":true,"href":"http:\/\/www.padrekino.org\/en\/wp-json\/wp\/v2\/users\/2"}],"replies":[{"embeddable":true,"href":"http:\/\/www.padrekino.org\/en\/wp-json\/wp\/v2\/comments?post=57"}],"version-history":[{"count":0,"href":"http:\/\/www.padrekino.org\/en\/wp-json\/wp\/v2\/pages\/57\/revisions"}],"wp:attachment":[{"href":"http:\/\/www.padrekino.org\/en\/wp-json\/wp\/v2\/media?parent=57"}],"curies":[{"name":"wp","href":"https:\/\/api.w.org\/{rel}","templated":true}]}}