{"id":109,"date":"2015-12-15T22:52:29","date_gmt":"2015-12-15T21:52:29","guid":{"rendered":"http:\/\/www.padrekino.org\/?page_id=109"},"modified":"2016-01-10T21:22:17","modified_gmt":"2016-01-10T20:22:17","slug":"il-monumento-di-segno","status":"publish","type":"page","link":"http:\/\/www.padrekino.org\/es\/il-monumento-di-segno\/","title":{"rendered":"El Monumento al Padre Kino en Segno"},"content":{"rendered":"<p><\/p>\n<p style=\"text-align: justify;\"><img loading=\"lazy\" class=\"so-widget-image alignleft\" style=\"max-width: 100%; height: auto; display: block;\" src=\"http:\/\/www.padrekino.org\/wp-content\/uploads\/2015\/12\/cavallo.jpg\" alt=\"\" width=\"400\" height=\"597\" \/>Grandes festejos furon tributados en el 1987 en ocasi\u00f3n del tercer centenario de la llegada del Padre Kino a las tierras de Pimer\u00eda Alta: adem\u00e1s de encuentros y celebraciones nace el proyecto \u201ctres estatuas para tres centenarios\u201d. Un comit\u00e9 de ciudadones de Tucson, reunido en el marco de la Arizona Historical Society, encomienda al ilustre artista mexicano Julian Martinez, quien ya otras veces hab\u00eca representado al misionero trentino, la realizaci\u00f3n de tres monumentales estatuas ecuestres. Estan destinados a Tucson, donde Kino hab\u00eca fundado la bella misi\u00f2n de San Xavier del Bac, a Magdalena de Kino, para honrar el lugar de la muerte y entierro, a Segno para honrar el lugar donde naci\u00f3. En el proprio lugar de Segno la tercera estatua fue inaugurada el 16 de junio de 1991 a la presencia de las maximas autoridades de arizona, de Sonora y del Trentino.<br \/>\nEl monumento en Segno representa Padre Kino en su corcel, cansado despu\u00e9s de una larga cabalgata en el desierto. A su lado cuelga el astrolabio, indispensable instrumento para el cartografo; su mano lleva una concha, una de esas conchas azules que se encuentran en las playas del Ocean Pacifico y que respaldan la peninsularidad de California, quando el missinero trentino , despu\u00e9 de haberla apreciadaen baja california, las hall\u00f2 nuevamente en el Norte de Pimer\u00eda. Toda imagen manifiesta la tranquila y firme determinaci\u00f3n de qui\u00e9n est\u00e1 seguro de su propria misi\u00f3n y fija la mirada hacia el futuro. El monumento en bronce, tiene un peso dconsiderable de cerca 4500 kilos, mide 4,5 metros de alto 3,70 metos de largo y 1,80 metros de ancho. A la base de la estatua hay una placa en bronce explicando en sintesis la vida del gran jesuita trentino.<\/p>\n<p><\/p>","protected":false},"excerpt":{"rendered":"<p>Grandes festejos furon tributados en el 1987 en ocasi\u00f3n del tercer centenario de la llegada del Padre Kino a las tierras de Pimer\u00eda Alta: adem\u00e1s de encuentros y celebraciones nace el proyecto \u201ctres estatuas para tres centenarios\u201d. Un comit\u00e9 de ciudadones de Tucson, reunido en el marco de la Arizona Historical Society, encomienda al ilustre [&hellip;]<\/p>\n","protected":false},"author":2,"featured_media":0,"parent":0,"menu_order":0,"comment_status":"closed","ping_status":"closed","template":"","meta":[],"yoast_head":"<!-- This site is optimized with the Yoast SEO plugin v15.5 - https:\/\/yoast.com\/wordpress\/plugins\/seo\/ -->\n<title>El Monumento al Padre Kino en Segno - Padre Kino<\/title>\n<meta name=\"robots\" content=\"index, follow, max-snippet:-1, max-image-preview:large, max-video-preview:-1\" \/>\n<link rel=\"canonical\" href=\"http:\/\/www.padrekino.org\/il-monumento-di-segno\/\" \/>\n<meta property=\"og:locale\" content=\"es_ES\" \/>\n<meta property=\"og:type\" content=\"article\" \/>\n<meta property=\"og:title\" content=\"El Monumento al Padre Kino en Segno - Padre Kino\" \/>\n<meta property=\"og:description\" content=\"Grandes festejos furon tributados en el 1987 en ocasi\u00f3n del tercer centenario de la llegada del Padre Kino a las tierras de Pimer\u00eda Alta: adem\u00e1s de encuentros y celebraciones nace el proyecto \u201ctres estatuas para tres centenarios\u201d. Un comit\u00e9 de ciudadones de Tucson, reunido en el marco de la Arizona Historical Society, encomienda al ilustre [&hellip;]\" \/>\n<meta property=\"og:url\" content=\"http:\/\/www.padrekino.org\/il-monumento-di-segno\/\" \/>\n<meta property=\"og:site_name\" content=\"Padre Kino\" \/>\n<meta property=\"article:modified_time\" content=\"2016-01-10T20:22:17+00:00\" \/>\n<meta property=\"og:image\" content=\"http:\/\/www.padrekino.org\/wp-content\/uploads\/2015\/12\/cavallo.jpg\" \/>\n<meta name=\"twitter:card\" content=\"summary\" \/>\n<meta name=\"twitter:label1\" content=\"Tiempo de lectura\">\n\t<meta name=\"twitter:data1\" content=\"5 minutos\">\n<script type=\"application\/ld+json\" class=\"yoast-schema-graph\">{\"@context\":\"https:\/\/schema.org\",\"@graph\":[{\"@type\":\"WebSite\",\"@id\":\"http:\/\/www.padrekino.org\/#website\",\"url\":\"http:\/\/www.padrekino.org\/\",\"name\":\"Padre Kino\",\"description\":\"Padre a Cavallo\",\"potentialAction\":[{\"@type\":\"SearchAction\",\"target\":\"http:\/\/www.padrekino.org\/?s={search_term_string}\",\"query-input\":\"required name=search_term_string\"}],\"inLanguage\":\"es\"},{\"@type\":\"ImageObject\",\"@id\":\"http:\/\/www.padrekino.org\/il-monumento-di-segno\/#primaryimage\",\"inLanguage\":\"es\",\"url\":\"http:\/\/www.padrekino.org\/wp-content\/uploads\/2015\/12\/cavallo.jpg\",\"width\":400,\"height\":597},{\"@type\":\"WebPage\",\"@id\":\"http:\/\/www.padrekino.org\/il-monumento-di-segno\/#webpage\",\"url\":\"http:\/\/www.padrekino.org\/il-monumento-di-segno\/\",\"name\":\"El Monumento al Padre Kino en Segno - Padre Kino\",\"isPartOf\":{\"@id\":\"http:\/\/www.padrekino.org\/#website\"},\"primaryImageOfPage\":{\"@id\":\"http:\/\/www.padrekino.org\/il-monumento-di-segno\/#primaryimage\"},\"datePublished\":\"2015-12-15T21:52:29+00:00\",\"dateModified\":\"2016-01-10T20:22:17+00:00\",\"inLanguage\":\"es\",\"potentialAction\":[{\"@type\":\"ReadAction\",\"target\":[\"http:\/\/www.padrekino.org\/il-monumento-di-segno\/\"]}]}]}<\/script>\n<!-- \/ Yoast SEO plugin. -->","_links":{"self":[{"href":"http:\/\/www.padrekino.org\/es\/wp-json\/wp\/v2\/pages\/109"}],"collection":[{"href":"http:\/\/www.padrekino.org\/es\/wp-json\/wp\/v2\/pages"}],"about":[{"href":"http:\/\/www.padrekino.org\/es\/wp-json\/wp\/v2\/types\/page"}],"author":[{"embeddable":true,"href":"http:\/\/www.padrekino.org\/es\/wp-json\/wp\/v2\/users\/2"}],"replies":[{"embeddable":true,"href":"http:\/\/www.padrekino.org\/es\/wp-json\/wp\/v2\/comments?post=109"}],"version-history":[{"count":0,"href":"http:\/\/www.padrekino.org\/es\/wp-json\/wp\/v2\/pages\/109\/revisions"}],"wp:attachment":[{"href":"http:\/\/www.padrekino.org\/es\/wp-json\/wp\/v2\/media?parent=109"}],"curies":[{"name":"wp","href":"https:\/\/api.w.org\/{rel}","templated":true}]}}