{"id":129,"date":"2015-12-16T00:26:41","date_gmt":"2015-12-15T23:26:41","guid":{"rendered":"http:\/\/www.padrekino.org\/?page_id=129"},"modified":"2016-03-29T13:58:27","modified_gmt":"2016-03-29T11:58:27","slug":"tre-statue-due-secoli","status":"publish","type":"page","link":"http:\/\/www.padrekino.org\/es\/tre-statue-due-secoli\/","title":{"rendered":"Tres Estatuas por Tres Sieglos"},"content":{"rendered":"<p><\/p>\n<p style=\"text-align: justify;\">Las tres estatuas son obra del escultor mexicano Juli\u00e1n Mart\u00ednez y fueron emitidos a petici\u00f3n de un grupo de ciudadanos en Tucson que formaron un comit\u00e9 para dirigir un proyecto llamado \u00abTres estatuas durante tres siglos.\u00bb Esta vez la representaci\u00f3n sensible de Kino a caballo har\u00eda ser\u00a0fundida en bronce por tres lugares &#8211; Tucson, Arizona &#8211; Estados Unidos, tierra de misi\u00f3n del Padre Kino, Magdalena, Sonora &#8211; M\u00e9xico sitio de su muerte y sepultura y Segno,<\/p>\n<div style=\"width: 310px\" class=\"wp-caption alignleft\"><img loading=\"lazy\" src=\"http:\/\/www.padrekino.org\/wp-content\/uploads\/2015\/12\/magdalena_i-300x200.jpg\" alt=\"magdalena_i\" width=\"300\" height=\"200\" \/><p class=\"wp-caption-text\">Magdalena de Kino<\/p><\/div>\n<p style=\"text-align: justify;\">Trentino &#8211; Italia, su pueblo de nacimiento para celebrar el 300 aniversario de la llegada de Padre Kino en Pimer\u00eda.<br \/>\nLos fondos necesarios para completar las tres estatuas proced\u00edan de la ciudad de Tucson, del condado de Pima y de varios benefactores\u00a0generosos y tambi\u00e9n\u00a0de Juli\u00e1n Mart\u00ednez quien\u00a0acept\u00f3 una suma muy modesta\u00a0para las tres piezas fundidas! Era como si la generosidad hist\u00f3rico de Kino estaban siendo pagado en especie.<\/p>\n<div style=\"width: 239px\" class=\"wp-caption alignright\"><img loading=\"lazy\" src=\"http:\/\/www.padrekino.org\/wp-content\/uploads\/2015\/12\/statua_tucson-229x300.jpg\" alt=\"statua_tucson\" width=\"229\" height=\"300\" \/><p class=\"wp-caption-text\">Tucson<\/p><\/div>\n<p style=\"text-align: justify;\">\u00a0La primera de las tres estatuas llegaron a Tucson en mayo de 1988, y la estatua fue erigida en el reci\u00e9n terminado Kino Parkway. La segunda estatua fue terminado un a\u00f1o m\u00e1s tarde y erigi\u00f3 en Magdalena en la autopista a Hermosillo! La tercera estatua fue terminada en 1990 y<\/p>\n<div style=\"width: 211px\" class=\"wp-caption alignleft\"><img loading=\"lazy\" src=\"http:\/\/www.padrekino.org\/wp-content\/uploads\/2015\/12\/cavallo-201x300.jpg\" alt=\"cavallo\" width=\"201\" height=\"300\" \/><p class=\"wp-caption-text\">Segno<\/p><\/div>\n<p style=\"text-align: justify;\">enviado por el carguero de G\u00e9nova, de la que el puerto de la Provincia de Trento arrastr\u00f3 a la peque\u00f1a ciudad de Segno donde la estatua fue dedicado en una celebraci\u00f3n jubilosa en junio de 1991<\/p>\n<p>&nbsp;<\/p>","protected":false},"excerpt":{"rendered":"<p>Las tres estatuas son obra del escultor mexicano Juli\u00e1n Mart\u00ednez y fueron emitidos a petici\u00f3n de un grupo de ciudadanos en Tucson que formaron un comit\u00e9 para dirigir un proyecto llamado \u00abTres estatuas durante tres siglos.\u00bb Esta vez la representaci\u00f3n sensible de Kino a caballo har\u00eda ser\u00a0fundida en bronce por tres lugares &#8211; Tucson, Arizona [&hellip;]<\/p>\n","protected":false},"author":2,"featured_media":0,"parent":0,"menu_order":0,"comment_status":"closed","ping_status":"closed","template":"","meta":[],"yoast_head":"<!-- This site is optimized with the Yoast SEO plugin v15.5 - https:\/\/yoast.com\/wordpress\/plugins\/seo\/ -->\n<title>Tres Estatuas por Tres Sieglos - Padre Kino<\/title>\n<meta name=\"robots\" content=\"index, follow, max-snippet:-1, max-image-preview:large, max-video-preview:-1\" \/>\n<link rel=\"canonical\" href=\"https:\/\/www.padrekino.org\/en\/tre-statue-due-secoli\/\" \/>\n<meta property=\"og:locale\" content=\"es_ES\" \/>\n<meta property=\"og:type\" content=\"article\" \/>\n<meta property=\"og:title\" content=\"Tres Estatuas por Tres Sieglos - Padre Kino\" \/>\n<meta property=\"og:description\" content=\"Las tres estatuas son obra del escultor mexicano Juli\u00e1n Mart\u00ednez y fueron emitidos a petici\u00f3n de un grupo de ciudadanos en Tucson que formaron un comit\u00e9 para dirigir un proyecto llamado \u00abTres estatuas durante tres siglos.\u00bb Esta vez la representaci\u00f3n sensible de Kino a caballo har\u00eda ser\u00a0fundida en bronce por tres lugares &#8211; Tucson, Arizona [&hellip;]\" \/>\n<meta property=\"og:url\" content=\"https:\/\/www.padrekino.org\/en\/tre-statue-due-secoli\/\" \/>\n<meta property=\"og:site_name\" content=\"Padre Kino\" \/>\n<meta property=\"article:modified_time\" content=\"2016-03-29T11:58:27+00:00\" \/>\n<meta property=\"og:image\" content=\"http:\/\/www.padrekino.org\/wp-content\/uploads\/2015\/12\/magdalena_i-300x200.jpg\" \/>\n<meta name=\"twitter:card\" content=\"summary\" \/>\n<meta name=\"twitter:label1\" content=\"Tiempo de lectura\">\n\t<meta name=\"twitter:data1\" content=\"4 minutos\">\n<script type=\"application\/ld+json\" class=\"yoast-schema-graph\">{\"@context\":\"https:\/\/schema.org\",\"@graph\":[{\"@type\":\"WebSite\",\"@id\":\"https:\/\/www.padrekino.org\/es\/#website\",\"url\":\"https:\/\/www.padrekino.org\/es\/\",\"name\":\"Padre Kino\",\"description\":\"Padre a Cavallo\",\"potentialAction\":[{\"@type\":\"SearchAction\",\"target\":\"https:\/\/www.padrekino.org\/es\/?s={search_term_string}\",\"query-input\":\"required name=search_term_string\"}],\"inLanguage\":\"es\"},{\"@type\":\"ImageObject\",\"@id\":\"https:\/\/www.padrekino.org\/en\/tre-statue-due-secoli\/#primaryimage\",\"inLanguage\":\"es\",\"url\":\"http:\/\/www.padrekino.org\/wp-content\/uploads\/2015\/12\/magdalena_i.jpg\",\"width\":1024,\"height\":683},{\"@type\":\"WebPage\",\"@id\":\"https:\/\/www.padrekino.org\/en\/tre-statue-due-secoli\/#webpage\",\"url\":\"https:\/\/www.padrekino.org\/en\/tre-statue-due-secoli\/\",\"name\":\"Tres Estatuas por Tres Sieglos - Padre Kino\",\"isPartOf\":{\"@id\":\"https:\/\/www.padrekino.org\/es\/#website\"},\"primaryImageOfPage\":{\"@id\":\"https:\/\/www.padrekino.org\/en\/tre-statue-due-secoli\/#primaryimage\"},\"datePublished\":\"2015-12-15T23:26:41+00:00\",\"dateModified\":\"2016-03-29T11:58:27+00:00\",\"inLanguage\":\"es\",\"potentialAction\":[{\"@type\":\"ReadAction\",\"target\":[\"https:\/\/www.padrekino.org\/en\/tre-statue-due-secoli\/\"]}]}]}<\/script>\n<!-- \/ Yoast SEO plugin. -->","_links":{"self":[{"href":"http:\/\/www.padrekino.org\/es\/wp-json\/wp\/v2\/pages\/129"}],"collection":[{"href":"http:\/\/www.padrekino.org\/es\/wp-json\/wp\/v2\/pages"}],"about":[{"href":"http:\/\/www.padrekino.org\/es\/wp-json\/wp\/v2\/types\/page"}],"author":[{"embeddable":true,"href":"http:\/\/www.padrekino.org\/es\/wp-json\/wp\/v2\/users\/2"}],"replies":[{"embeddable":true,"href":"http:\/\/www.padrekino.org\/es\/wp-json\/wp\/v2\/comments?post=129"}],"version-history":[{"count":0,"href":"http:\/\/www.padrekino.org\/es\/wp-json\/wp\/v2\/pages\/129\/revisions"}],"wp:attachment":[{"href":"http:\/\/www.padrekino.org\/es\/wp-json\/wp\/v2\/media?parent=129"}],"curies":[{"name":"wp","href":"https:\/\/api.w.org\/{rel}","templated":true}]}}