{"id":136,"date":"2015-12-16T10:41:00","date_gmt":"2015-12-16T09:41:00","guid":{"rendered":"http:\/\/www.padrekino.org\/?page_id=136"},"modified":"2020-07-05T16:00:14","modified_gmt":"2020-07-05T14:00:14","slug":"bibliografia","status":"publish","type":"page","link":"http:\/\/www.padrekino.org\/es\/bibliografia\/","title":{"rendered":"Bibliograf\u00eca"},"content":{"rendered":"<p><\/p>\n<p style=\"text-align: center;\">Todas las publicaciones se pueden\u00a0solicitar a la a la <strong>Associazione Culturale Padre Eusebio Chini<\/strong>:<br \/>\nP.zza Eusebio F. Chni<br \/>\n38010 Segno (Trento) Italy<\/p>\n<p style=\"text-align: center;\">Tel. +39 0463 468248 &#8211;\u00a0E Mail: <a href=\"mailto:info@padrekino.org\" target=\"_blank\">info@padrekino.org<\/a>\u00a0&#8211;\u00a0<a href=\"mailto:achin@tin.it\" target=\"_blank\">achin@tin.it<\/a><\/p>\n<p>&nbsp;<\/p>\n<p>AA.VV. La nostra Geografia &#8211; P. Kino da Segno alla California. Editore, Sezione Trentino Alto Adige dell&#8217;Associazione Italiana Insegnanti di Geografia Trento 2005. Bibliografia NEW<\/p>\n<p>ACU\u00d1A GALVEZ, R. CRUZ. El Romance del Padre Kino. M\u00e9xico.Editorial jus,1970; Collecci\u00f3n M\u00e9xico Eroico N\u00fan. 104.<\/p>\n<p>BANNON, JOHN FRANCIS S.J. The Spanish Borderland Frontier, 1513-1821. New York: Holt; Rinehart and Winston, 1970; 308 pp, Uno dei migliori studi sulla Nuova Spagna Settentrionale.<\/p>\n<p>BERNARDINI, FULVIO (Fulber). GARY. La leggenda di Kino il Vestenera- Rotta a Vera Cruz. LAPIS LAPSUS EDIZIONI, 2005 &#8211; Fumetto NEW<\/p>\n<p>BOLOGNANI, BONIFACIO. Padre e Pioniere: Esuebio Francesco Chini, S.J., Missionario, Scrittore, e Geografo (1645-1711). Trento: Edizioni Biblioteca PP. Francescani, 1983. L&#8217;opera di uno dei pi\u00f9 entusiasti studiosi e promotori della figura di Kino.<\/p>\n<p>BOLTON, HERBERT E. The Padre on Horseback San Francisco: Sonora Press, 1932. Ristampa, Chicago Loyola University Press, 1963; Introduzione di Padre John F. Bannon, S.J.. Tradotto in Italiano col titolo Il Padre a Cavallo a cura dell&#8217;Asssociazione Culturale Padre Eusebio Francesco Chini, 1995.<\/p>\n<p>The Rim of Christendom. New York Macmillan, 1936. Ristampa New York: Russell and Russell, 1960. Ristampa, Tucson: University of Arizona Press, 1984. Questa resta la biografia definitiva di Eusebio Francesco Kino.<\/p>\n<p>BURRUS, ERNEST J., S.J. Kino and Manje, Explorers of Sonora and Arizona. Roma e Saint Louis: Istituto Storico dei Gesuiti, 1971. Testo con edizione critica dei diari di Manje.<\/p>\n<p>Kino and the Cartografy of Northwestern New Spain. Tucson: Arizona Pionier\u2019s Historical Society, 1965. Una raccolta completa delle mappe conosciute di Kino.<\/p>\n<p>CALARCO, DOMENICO. L\u2019Apostolo dei Pima: Il metodo di evangelizzazione di Padre Eusebio Francesco Chini missionario gesuita pioniere della Costa del Pacifico (1645-1711). Bologna: Editrice Missionaria Italiana, 1995. Una ricerca teologica sul metodo missionario di Kino.<\/p>\n<p>Eusebio Francesco Chini, Epistolario. Bologna: Editrice Missionaria Italiana, 1998. Una minuziosa raccolta delle lettere di Padre Kino provenienti dagli archivi d\u2019Europa e d\u2019America.<\/p>\n<p>Un uomo dal cuore in fiamme, profilo spirituale di Eusebio Francesco Chini (1645-1711), Roma, Editrice Citt\u00e0 Nuova, 2003. L&#8217;autore in questo suo ultimo lavoro su Padre Chini, si propone di porre in risalto l&#8217;aspetto spirituale del Missionario.<\/p>\n<p>CAVINI, CAVITTORIO. L\u2019avventura di Kino. Bologna: Editrice Missionaria Italiana della Coop. SERMIS, 1990. Kino continua a catturare l\u2019immaginazione ed il cuore degli Italiani.<\/p>\n<p>CHINI MARCO BENEDETTOi: Memorie e genealogia dei Chini di Segno d&#8217;Anaunia Comitato Chiniano di Segno, 1992.<\/p>\n<p>CLARK, ANN NOLAN. Father Kino, Priest to the Pimas. New York: Farrar, Straus, 1963. Per ragazzi dai 7 ai 12 anni.<\/p>\n<p>CLEVENGER BEN: The Far Side of the Sea. a Novel on the life of Padre Eusebio Kino. Romanzo Storico da leggere come novella, basato sulla interessante vita del Padre. JFSA Publications, Fountain Hill, AZ, 365 Pagine, 2003.<\/p>\n<p>DONOHUE, JOHN AUGUSTINES:J: AfterKino:Jesuit Missions in Northwestern New Spain1711-1767 Roma e Saint Louis: Istituto Storico dei Gesuiti, 1969. Molto della storia dell\u2019Alta Pimer\u00eda fino all\u2019espulsione.<\/p>\n<p>ECKHART, GEORGE B. and JAMES GRIFFITH. Temples in the wilderness: Spanish Churches of Northern Sonora. Tucson: Arizona Historical Society, Historical monograph #3. 1975. Breve storia e descrizione delle chiese pi\u00f9 importanti nella catena delle missioni.<\/p>\n<p>FRANCESCOTTI, RENZO. Saguaro: Diario lirico di Padre Chini. Trento: Edizioni &#8211; U. C. T., 1992. ributo alle idee ispirate dalla vita di Padre Kino<\/p>\n<p>FRIZZERA SANDRA. Cavalcando verso il cielo. Editrice Vita Trentina, a cura dell\u2019Associazione Padre Eusebio Francesco Chini, 1997. La storia di Padre Kino raccontata ai lettori pi\u00f9 giovani da una scrittrice nota nel campo della letteratura giovanile.<\/p>\n<p>GUNDOLF HUBERT. Der reitende Padre: Auf den Spuren des Welschtiroler Jesuiten-missionars Eusebio Kino in Amerika. Schwaz: Berenkamp (Austria), 1995. una mini biografia ben articolata in tedesco.<\/p>\n<p>KELLY Annamaria: Kino alla conquista dell&#8217;America. Tucson, Jesuit Historical Institute, 1978.<\/p>\n<p>KENNEDY, ROGER. Mission: The History and Architecture of the Missions of North America. Edited by David Larkin. Boston: Houghton Mifflin. 1993. Magnifiche foto che con appropriati testi presentano la solidit\u00e0 della presenza delle Missioni spagnole negli Stati Uniti.<\/p>\n<p>KESSEL, JOHN L. Mission of Sorrows: Jesuit Guevavi and the Pimas. Tucson: The University of Arizona Press, 1970. Le missioni dell\u2019Alta Pimer\u00eda viste dalla prospettiva della storia di Guevavi.<\/p>\n<p>Friars soldiers and reformers: Hispanic Arizona and the Sonoran Mission Fronmtier, 1767-1858. Tucson: The University of Arizona Press, 1976. L\u2019Alta Pimer\u00eda Francescana dal punto di vista privilegiato della Missione di Tumac\u00e1cori.<\/p>\n<p>KINO, FRANCISCO EUSEBIO, S.J. Historical memoires of the Pimer\u00eda Alta, Trad. di Herbert Bolton. Cleveland: Arthur Clark Co, 1919. 2 Volumi. Ristampa Berkeley, University of California, 1948, 2 Volumi in uno.<\/p>\n<p>Kino\u2019s Biography of Francisco Javier Saeta. Tradotta e con un Epilogo di Charles W. Polzer, S.J.; Testo originale trascrizione in Spagnolo pubblicato da Ernest J. Burrus, S.J. Rome and Saint Louis: Istituto Storico dei Gesuiti, 1971<\/p>\n<p>Kino\u2019s Plan for the Development of the Pimer\u00eda Alta. Traduzione di Ernest J. Burrus, S.J..Tucson: Arizona Pionieer\u2019s Historical Society, 1961.<\/p>\n<p>Kino\u2019s Reports to Headquarters. Traduzione di Ernest J. Burrus, S.J., Roma: Institutum Historicum Societatis Jesu, 1954.<\/p>\n<p>Kino Writes to the Duchess. Traduzione di Ernest J. Burrus, S.J., Roma: Institutum Historicum Societatis Jesu, 1965.<\/p>\n<p>LOCKWOOD, FRANK C. With Padre Kino on the Trail. Tucson: The University of Arizona, 1934. Social Science Bullettin No.5. Il punto di vista personale su Kino e le misssioni da parte di di un docente e collega di Bolton .<\/p>\n<p>LORENZI GUIDO. La Croce nel Deserto: Eusebio Francesco Chini S.J.,1645-1711. Trento: Provincia Autonoma di Trento, 1986. Un gradevole tour alle missioni di Kino con disegni di Fernando Inama.<\/p>\n<p>MANJE, JUAN MATEO. Luz de Tierra Incognita: Unknown Arizona and Sonora, 1693-1701. Tradotto da Harry J. Karns. Ticson: Arizona Silouettes, 1954. 303 pp. I diari del compagno di Viaggio di Kino.<\/p>\n<p>MARCHETTI ANGELA MARIA. Un Trentino nell\u2019America del \u2018600. Il Servo di Dio Eusebio Francesco Kino, Missionario, esploratore ed astronomo. Torino: Edizioni San Paolo, 1996. Un\u2019analisi dello zelo apostolico e della profonda spiritualit\u00e0 del missionario Trentino.<\/p>\n<p>NENTWIG, JUAN. Rudo Ensayo A Description of Sonora and Arizona in 1764. Tucson: The University of Arizona Press, 1980. 160 pp. Tradotto da Albert F. Pradeau. e Robert F. Rasmussen. Una buona visione storica; \u00e8 richiesta qualche attenzione nella sezione botanica.<\/p>\n<p>NORIS CAVINI SILVIA: Gli Indiani di Chino. Un analisi antropologica e geografica dell&#8217;Alta Pimer\u00eda ai tempi di Kino. acra dell&#8217;Associazione Culturale Padre Eusebio F. Chini Segno &#8211; Trento, 1999.<\/p>\n<p>OLVERA JORGE. Finding Father\u2019s Kino Grave. Tucson, Southwest Mission Research Center, 1999. La scoperta della tomba di Padre Kino commentata da un membro della squadra di studiosi incaricata della ricerca.<\/p>\n<p>PFEFFERKORN, IGNAZ. Sonora: A Description of the Province. Tradotto da Theodore E. Treutlein. Albuquerque: University of New Mexico Press, 1949. 329 pp. Un resoconto classico contemporaneo.<\/p>\n<p>POLZER, CHARLES W. S.J. Rules and Precepts of the Jesuit Missions of Northwestern New Spain. Tucson: The University of Arizona Press, 1976.<\/p>\n<p>Kino Guide II. Tucson, Southwestern Mission Research Center, 1968. Una popolare rassegna su Kino e le sue missioni e i suoi monumenti.. 1982.<\/p>\n<p>Kino A Legacy: His Life, His Works, His Missions, His Monuments. Tucson: Jesuit Fathers of Southern Arizona, l998. Un completamento dell&#8217;autore della Kino Gude II.<\/p>\n<p>Kino Un&#8217;Eredit\u00e0. Segno:Associazione Culturale di P. Chini, 2000. L&#8217;edizione italiana di Kino: A Legacy.<\/p>\n<p>PROVINCIA AUTONOMA DI TRENTO. L\u2019avventura di Eusebio Francesco Chini S.J. (1645-1711) Trento: Provincia di Trento, 1988. Saggi su Kino in Italiano, Inglese e Spagnolo tratti dalla conferenza del 1966.<\/p>\n<p>RIZZARDI GINO. Eusebio, Libera Edizione. Libretto semplice ed allegro sulla vita di Padre Chini scritto da un sacerdote Trentino; molto adatto ai bambini, Trento 1992.<\/p>\n<p>ROCA, PAUL M. Paths of the Padres Through Sonora. Tucson: Arizona Historical Society, 1967. Un viaggio illustrato in molti dei luoghi missionari di Sonora; i resoconti storici richiedono studi critici.<\/p>\n<p>SMITH, FAY JACKSON, JOHN KESSEL and FRANCIS FOX, S.J. Father Kino in Arizona. Phoenix: Arizona Historical Foundation, 1966. Questo libro contiene una biografia pi\u00f9 completa di Kino.<\/p>\n<p>SPICER. EDWARD H. Cycles of Conquest: The Impact of Spain, Mexico and the United States on the Indians of the Southwest, 1533-1960. Tucson: The University of Arizona Press, 1962. Un classico studio antropologico della regione.<\/p>\n<p>STEFFAN, JACK. Kino and the Trail to the Pacific. New York: P. J. Kennedy, 1960. Per giovani lettori.<\/p>\n<p>S\u00dcDDEUTSCHEN JESUITEN: Der reitende Pater Eusebio Kino S.J. &#8211; Tratto dal film degli stessi Gesuiti &#8211; \u00abZu Pferd durch die W\u00fcste, Der Forscher und Missionar Eusebio Kino S:J\u00bb &#8211; Edizione in Tedesco, M\u00fcnchen, M\u00e4rz 2002.<\/p>\n<p>THAYER, JOHN. Desert Padre, Eusebio Francisco Kino. Milwaukee: Bruce, 1959. Un altro libro per i giovani lettori.<\/p>\n<p>TRUEBA, ALFONSO. El Padre Kino: Misionero Itinerante y Ecuestre. M\u00e9xico: Editorial Jus, 1960; Figuras y Episodios N\u00fam. 23.<\/p>\n<p>WEBER, DAVID J. The Spanish Frontier in North America. New Haven: Yale University Press, 1992. Idoneo per la comprensione del programma delle missioni; genralmente chiaro ed equidistante.<\/p>\n<p>WOODWARD, ARTHUR- SCOFIELD DELONG e LEFFLER MILLER. The Missions of Northern Sonora: A 1935 field Documentation. Pubblicato da Buford Pickens. Tucson: University of Arizona Press, 1993. Ben illustrato e buona grafica.<\/p>\n<p>WYLLYS, RUFUS KAY. Pionier Padre; the Life and Times of Eusebio Francisco Kino. Dallas: Southwest Press, 1935. Non definitiva come quella di Bolton, ma una meritoria descrizione della vita di Padre Kino.<\/p>","protected":false},"excerpt":{"rendered":"<p>Todas las publicaciones se pueden\u00a0solicitar a la a la Associazione Culturale Padre Eusebio Chini: P.zza Eusebio F. Chni 38010 Segno (Trento) Italy Tel. +39 0463 468248 &#8211;\u00a0E Mail: info@padrekino.org\u00a0&#8211;\u00a0achin@tin.it &nbsp; AA.VV. La nostra Geografia &#8211; P. Kino da Segno alla California. Editore, Sezione Trentino Alto Adige dell&#8217;Associazione Italiana Insegnanti di Geografia Trento 2005. Bibliografia NEW [&hellip;]<\/p>\n","protected":false},"author":2,"featured_media":0,"parent":0,"menu_order":0,"comment_status":"closed","ping_status":"closed","template":"","meta":[],"yoast_head":"<!-- This site is optimized with the Yoast SEO plugin v15.5 - https:\/\/yoast.com\/wordpress\/plugins\/seo\/ -->\n<title>Bibliograf\u00eca - Padre Kino<\/title>\n<meta name=\"robots\" content=\"index, follow, max-snippet:-1, max-image-preview:large, max-video-preview:-1\" \/>\n<link rel=\"canonical\" href=\"http:\/\/www.padrekino.org\/es\/bibliografia\/\" \/>\n<meta property=\"og:locale\" content=\"es_ES\" \/>\n<meta property=\"og:type\" content=\"article\" \/>\n<meta property=\"og:title\" content=\"Bibliograf\u00eca - Padre Kino\" \/>\n<meta property=\"og:description\" content=\"Todas las publicaciones se pueden\u00a0solicitar a la a la Associazione Culturale Padre Eusebio Chini: P.zza Eusebio F. Chni 38010 Segno (Trento) Italy Tel. +39 0463 468248 &#8211;\u00a0E Mail: info@padrekino.org\u00a0&#8211;\u00a0achin@tin.it &nbsp; AA.VV. La nostra Geografia &#8211; P. Kino da Segno alla California. Editore, Sezione Trentino Alto Adige dell&#8217;Associazione Italiana Insegnanti di Geografia Trento 2005. Bibliografia NEW [&hellip;]\" \/>\n<meta property=\"og:url\" content=\"http:\/\/www.padrekino.org\/es\/bibliografia\/\" \/>\n<meta property=\"og:site_name\" content=\"Padre Kino\" \/>\n<meta property=\"article:modified_time\" content=\"2020-07-05T14:00:14+00:00\" \/>\n<meta name=\"twitter:card\" content=\"summary\" \/>\n<meta name=\"twitter:label1\" content=\"Tiempo de lectura\">\n\t<meta name=\"twitter:data1\" content=\"59 minutos\">\n<script type=\"application\/ld+json\" class=\"yoast-schema-graph\">{\"@context\":\"https:\/\/schema.org\",\"@graph\":[{\"@type\":\"WebSite\",\"@id\":\"http:\/\/www.padrekino.org\/#website\",\"url\":\"http:\/\/www.padrekino.org\/\",\"name\":\"Padre Kino\",\"description\":\"Padre a Cavallo\",\"potentialAction\":[{\"@type\":\"SearchAction\",\"target\":\"http:\/\/www.padrekino.org\/?s={search_term_string}\",\"query-input\":\"required name=search_term_string\"}],\"inLanguage\":\"es\"},{\"@type\":\"WebPage\",\"@id\":\"http:\/\/www.padrekino.org\/es\/bibliografia\/#webpage\",\"url\":\"http:\/\/www.padrekino.org\/es\/bibliografia\/\",\"name\":\"Bibliograf\\u00eca - Padre Kino\",\"isPartOf\":{\"@id\":\"http:\/\/www.padrekino.org\/#website\"},\"datePublished\":\"2015-12-16T09:41:00+00:00\",\"dateModified\":\"2020-07-05T14:00:14+00:00\",\"inLanguage\":\"es\",\"potentialAction\":[{\"@type\":\"ReadAction\",\"target\":[\"http:\/\/www.padrekino.org\/es\/bibliografia\/\"]}]}]}<\/script>\n<!-- \/ Yoast SEO plugin. -->","_links":{"self":[{"href":"http:\/\/www.padrekino.org\/es\/wp-json\/wp\/v2\/pages\/136"}],"collection":[{"href":"http:\/\/www.padrekino.org\/es\/wp-json\/wp\/v2\/pages"}],"about":[{"href":"http:\/\/www.padrekino.org\/es\/wp-json\/wp\/v2\/types\/page"}],"author":[{"embeddable":true,"href":"http:\/\/www.padrekino.org\/es\/wp-json\/wp\/v2\/users\/2"}],"replies":[{"embeddable":true,"href":"http:\/\/www.padrekino.org\/es\/wp-json\/wp\/v2\/comments?post=136"}],"version-history":[{"count":0,"href":"http:\/\/www.padrekino.org\/es\/wp-json\/wp\/v2\/pages\/136\/revisions"}],"wp:attachment":[{"href":"http:\/\/www.padrekino.org\/es\/wp-json\/wp\/v2\/media?parent=136"}],"curies":[{"name":"wp","href":"https:\/\/api.w.org\/{rel}","templated":true}]}}