{"id":226,"date":"2015-12-19T18:13:39","date_gmt":"2015-12-19T17:13:39","guid":{"rendered":"http:\/\/www.padrekino.org\/?page_id=226"},"modified":"2020-07-05T15:30:23","modified_gmt":"2020-07-05T13:30:23","slug":"associazione-culturale-padre-eusebio-francesco-chini","status":"publish","type":"page","link":"http:\/\/www.padrekino.org\/es\/associazione-culturale-padre-eusebio-francesco-chini\/","title":{"rendered":"Asociaci\u00f3n Cultural Padre Eusebio Francisco Kino"},"content":{"rendered":"<p><\/p>\n<p style=\"text-align: justify;\">El 30 del julio de 1992 el Comit\u00e9 para Padre Kino se constiuty\u00f3 <strong>La Associaci\u00f3n Cultural P. Eusebio Francesco Chini<\/strong> con la intenci\u00f3n de presentar este personaje a su tierra natal, Padre Eusebio Francisco Kino &#8211; naci\u00f3 en Segno (Trento) en i645 y muri\u00f3 en Magdalena M\u00e9xico en 1711 &#8211; misionero, explorador, historiador y cartografo con su fructuosa obra civiliz\u00f3el Suroeste de los Estados Unidos (Arizona) y el norte de M\u00e9xico (Sonora).<\/p>\n<p style=\"text-align: justify;\">Todavia mucho desconocen la grandiosidad de su obra y la fama de esta gloria nacional.<\/p>\n<p style=\"text-align: justify;\">Hay una estatua suya en el Pante\u00f3n (sala de la gloria) de Washington D.C. inaugurada el 14 de febrero de 1965. Es el unico italiano que se encuentra entre los padres fundadores de los Estados Unidos (representa el Estado de Arizona).<\/p>\n<p style=\"text-align: justify;\">En Segno el 16 de junio del 1991se le dedic\u00f3 una estatua equestre obra de un escultor mexicano, Julian Mart\u00ednez, regalo del Estado de Arizona, delante de innumerables personas.<\/p>\n<p style=\"text-align: justify;\">La Asociaci\u00f3n consta de 17 miembros, que ya formaban parte del Comit\u00e9 Kiniano, que se hab\u00eda constituido en 1991 para la celebraciones, esta fundaci\u00f3n se ha hecho necesaria para continuar, con una nueva imagen y con mayor fuerza jur\u00eddica, el trabajo que gace al Comit\u00e9 y para programar proyectos futros&#8230;porque queremos hacer justic\u00eda a njuestro conciudadanoqu\u00e9 ya ha sido olvidado por demasiado tiempo.<\/p>\n<p style=\"text-align: justify;\"><strong> Los objeto y las finalidades de la Asociaci\u00f3n son:<\/strong><\/p>\n<ul>\n<li style=\"text-align: justify;\">estudiar, conocer, divulgar el conocimiento de la figura del gran conciudadano misionero y explorador P. Eusebio Chini;<\/li>\n<li style=\"text-align: justify;\">promover su conocimiento en las escuelas, en los c\u00edrculos culturales y en las bibliotecas;<br \/>\npromover estudios, seminarios, publicaciones, de textos y material ilustrativo sobre la figura de P. Eusebio en su contexto hist\u00f3rico;<\/li>\n<li style=\"text-align: justify;\">promover la realizaci\u00f3n del Museo Kiniano en Segno;<\/li>\n<li style=\"text-align: justify;\">proveer a la recuperaci\u00f3n de los documentos de archivos y otros hallazgos en Italia o nel extranjero;<\/li>\n<li style=\"text-align: justify;\">promover viajes, excursiones, visitas para conocer el sitiodonde se desarrroll\u00f3 la obra de de Chini;<\/li>\n<li style=\"text-align: justify;\">proponer y organizar celebraciones commemorativas y congresos;<\/li>\n<li style=\"text-align: justify;\">sostener su beatificacion;<\/li>\n<\/ul>\n<p style=\"text-align: justify;\">Visitan la nuestra pagina de Informaciones!!<\/p>\n<p style=\"text-align: center;\">Direccion:<br \/>\nPiazza P. Eusebio Chini<br \/>\n38010 SEGNO (TN)<br \/>\nItalia<br \/>\nTelefono: +39 0463 468248<\/p>\n<p style=\"text-align: center;\">E-Mail: <a href=\"mailto:info@padrekino.org\" target=\"_blank\">info@padrekino.org<\/a> &#8211;\u00a0<a href=\"mailto:achin@tin.it\" target=\"_blank\">achin@tin.it<\/a><\/p>\n<p><\/p>","protected":false},"excerpt":{"rendered":"<p>El 30 del julio de 1992 el Comit\u00e9 para Padre Kino se constiuty\u00f3 La Associaci\u00f3n Cultural P. Eusebio Francesco Chini con la intenci\u00f3n de presentar este personaje a su tierra natal, Padre Eusebio Francisco Kino &#8211; naci\u00f3 en Segno (Trento) en i645 y muri\u00f3 en Magdalena M\u00e9xico en 1711 &#8211; misionero, explorador, historiador y cartografo [&hellip;]<\/p>\n","protected":false},"author":2,"featured_media":0,"parent":0,"menu_order":0,"comment_status":"closed","ping_status":"closed","template":"","meta":[],"yoast_head":"<!-- This site is optimized with the Yoast SEO plugin v15.5 - https:\/\/yoast.com\/wordpress\/plugins\/seo\/ -->\n<title>Asociaci\u00f3n Cultural Padre Eusebio Francisco Kino - Padre Kino<\/title>\n<meta name=\"robots\" content=\"index, follow, max-snippet:-1, max-image-preview:large, max-video-preview:-1\" \/>\n<link rel=\"canonical\" href=\"http:\/\/www.padrekino.org\/es\/associazione-culturale-padre-eusebio-francesco-chini\/\" \/>\n<meta property=\"og:locale\" content=\"es_ES\" \/>\n<meta property=\"og:type\" content=\"article\" \/>\n<meta property=\"og:title\" content=\"Asociaci\u00f3n Cultural Padre Eusebio Francisco Kino - Padre Kino\" \/>\n<meta property=\"og:description\" content=\"El 30 del julio de 1992 el Comit\u00e9 para Padre Kino se constiuty\u00f3 La Associaci\u00f3n Cultural P. Eusebio Francesco Chini con la intenci\u00f3n de presentar este personaje a su tierra natal, Padre Eusebio Francisco Kino &#8211; naci\u00f3 en Segno (Trento) en i645 y muri\u00f3 en Magdalena M\u00e9xico en 1711 &#8211; misionero, explorador, historiador y cartografo [&hellip;]\" \/>\n<meta property=\"og:url\" content=\"http:\/\/www.padrekino.org\/es\/associazione-culturale-padre-eusebio-francesco-chini\/\" \/>\n<meta property=\"og:site_name\" content=\"Padre Kino\" \/>\n<meta property=\"article:modified_time\" content=\"2020-07-05T13:30:23+00:00\" \/>\n<meta name=\"twitter:card\" content=\"summary\" \/>\n<meta name=\"twitter:label1\" content=\"Tiempo de lectura\">\n\t<meta name=\"twitter:data1\" content=\"6 minutos\">\n<script type=\"application\/ld+json\" class=\"yoast-schema-graph\">{\"@context\":\"https:\/\/schema.org\",\"@graph\":[{\"@type\":\"WebSite\",\"@id\":\"http:\/\/www.padrekino.org\/de\/#website\",\"url\":\"http:\/\/www.padrekino.org\/de\/\",\"name\":\"Padre Kino\",\"description\":\"Padre a Cavallo\",\"potentialAction\":[{\"@type\":\"SearchAction\",\"target\":\"http:\/\/www.padrekino.org\/de\/?s={search_term_string}\",\"query-input\":\"required name=search_term_string\"}],\"inLanguage\":\"es\"},{\"@type\":\"WebPage\",\"@id\":\"http:\/\/www.padrekino.org\/es\/associazione-culturale-padre-eusebio-francesco-chini\/#webpage\",\"url\":\"http:\/\/www.padrekino.org\/es\/associazione-culturale-padre-eusebio-francesco-chini\/\",\"name\":\"Asociaci\\u00f3n Cultural Padre Eusebio Francisco Kino - Padre Kino\",\"isPartOf\":{\"@id\":\"http:\/\/www.padrekino.org\/de\/#website\"},\"datePublished\":\"2015-12-19T17:13:39+00:00\",\"dateModified\":\"2020-07-05T13:30:23+00:00\",\"inLanguage\":\"es\",\"potentialAction\":[{\"@type\":\"ReadAction\",\"target\":[\"http:\/\/www.padrekino.org\/es\/associazione-culturale-padre-eusebio-francesco-chini\/\"]}]}]}<\/script>\n<!-- \/ Yoast SEO plugin. -->","_links":{"self":[{"href":"http:\/\/www.padrekino.org\/es\/wp-json\/wp\/v2\/pages\/226"}],"collection":[{"href":"http:\/\/www.padrekino.org\/es\/wp-json\/wp\/v2\/pages"}],"about":[{"href":"http:\/\/www.padrekino.org\/es\/wp-json\/wp\/v2\/types\/page"}],"author":[{"embeddable":true,"href":"http:\/\/www.padrekino.org\/es\/wp-json\/wp\/v2\/users\/2"}],"replies":[{"embeddable":true,"href":"http:\/\/www.padrekino.org\/es\/wp-json\/wp\/v2\/comments?post=226"}],"version-history":[{"count":0,"href":"http:\/\/www.padrekino.org\/es\/wp-json\/wp\/v2\/pages\/226\/revisions"}],"wp:attachment":[{"href":"http:\/\/www.padrekino.org\/es\/wp-json\/wp\/v2\/media?parent=226"}],"curies":[{"name":"wp","href":"https:\/\/api.w.org\/{rel}","templated":true}]}}