{"id":57,"date":"2015-12-13T17:17:46","date_gmt":"2015-12-13T16:17:46","guid":{"rendered":"http:\/\/www.padrekino.org\/?page_id=57"},"modified":"2016-06-21T23:25:11","modified_gmt":"2016-06-21T21:25:11","slug":"info-sul-museo","status":"publish","type":"page","link":"http:\/\/www.padrekino.org\/es\/info-sul-museo\/","title":{"rendered":"Acerca del Museo de Segno"},"content":{"rendered":"<p><\/p>\n<h5 style=\"text-align: justify;\">Horario de apertura del Museo<\/h5>\n<p style=\"text-align: justify;\">Para los meses de junio, julio, agosto y septiembre, el horario es el siguiente:<\/p>\n<p style=\"text-align: justify;\">Martes &#8211; Mi\u00e9rcoles &#8211; Jueves &#8211; Viernes &#8211; S\u00e1bado 14:00-18:00 &#8211; domingos de 15:00 a 18:00.<\/p>\n<p style=\"text-align: center;\">Lunes cerrado.<\/p>\n<p style=\"text-align: justify;\">Cualquier aberturas en las horas de la ma\u00f1ana, siempre en los mismos d\u00edas, se deben solicitar por lo menos una semana antes de la solicitud por escrito a la Direcci\u00f3n de la Asociaci\u00f3n, la comunicaci\u00f3n con correo electr\u00f3nico en info@padrekino.org o chinidoc@tin.it<\/p>\n<p style=\"text-align: center;\">Indirizzo:<\/p>\n<p style=\"text-align: center;\"><a href=\"http:\/\/www.padrekino.org\/raggiungere-segno\/\" target=\"_blank\">Piazza Chini Padre E. F., 10<\/a><br \/>\n<a href=\"http:\/\/www.padrekino.org\/raggiungere-segno\/\" target=\"_blank\">38012 Segno TN<\/a><\/p>\n<p><\/p>","protected":false},"excerpt":{"rendered":"<p>Horario de apertura del Museo Para los meses de junio, julio, agosto y septiembre, el horario es el siguiente: Martes &#8211; Mi\u00e9rcoles &#8211; Jueves &#8211; Viernes &#8211; S\u00e1bado 14:00-18:00 &#8211; domingos de 15:00 a 18:00. Lunes cerrado. Cualquier aberturas en las horas de la ma\u00f1ana, siempre en los mismos d\u00edas, se deben solicitar por lo [&hellip;]<\/p>\n","protected":false},"author":2,"featured_media":0,"parent":0,"menu_order":0,"comment_status":"closed","ping_status":"closed","template":"","meta":[],"yoast_head":"<!-- This site is optimized with the Yoast SEO plugin v15.5 - https:\/\/yoast.com\/wordpress\/plugins\/seo\/ -->\n<title>Acerca del Museo de Segno - Padre Kino<\/title>\n<meta name=\"robots\" content=\"index, follow, max-snippet:-1, max-image-preview:large, max-video-preview:-1\" \/>\n<link rel=\"canonical\" href=\"http:\/\/www.padrekino.org\/info-sul-museo\/\" \/>\n<meta property=\"og:locale\" content=\"es_ES\" \/>\n<meta property=\"og:type\" content=\"article\" \/>\n<meta property=\"og:title\" content=\"Acerca del Museo de Segno - Padre Kino\" \/>\n<meta property=\"og:description\" content=\"Horario de apertura del Museo Para los meses de junio, julio, agosto y septiembre, el horario es el siguiente: Martes &#8211; Mi\u00e9rcoles &#8211; Jueves &#8211; Viernes &#8211; S\u00e1bado 14:00-18:00 &#8211; domingos de 15:00 a 18:00. Lunes cerrado. Cualquier aberturas en las horas de la ma\u00f1ana, siempre en los mismos d\u00edas, se deben solicitar por lo [&hellip;]\" \/>\n<meta property=\"og:url\" content=\"http:\/\/www.padrekino.org\/info-sul-museo\/\" \/>\n<meta property=\"og:site_name\" content=\"Padre Kino\" \/>\n<meta property=\"article:modified_time\" content=\"2016-06-21T21:25:11+00:00\" \/>\n<meta name=\"twitter:card\" content=\"summary\" \/>\n<meta name=\"twitter:label1\" content=\"Tiempo de lectura\">\n\t<meta name=\"twitter:data1\" content=\"1 minuto\">\n<script type=\"application\/ld+json\" class=\"yoast-schema-graph\">{\"@context\":\"https:\/\/schema.org\",\"@graph\":[{\"@type\":\"WebSite\",\"@id\":\"http:\/\/www.padrekino.org\/de\/#website\",\"url\":\"http:\/\/www.padrekino.org\/de\/\",\"name\":\"Padre Kino\",\"description\":\"Padre a Cavallo\",\"potentialAction\":[{\"@type\":\"SearchAction\",\"target\":\"http:\/\/www.padrekino.org\/de\/?s={search_term_string}\",\"query-input\":\"required name=search_term_string\"}],\"inLanguage\":\"es\"},{\"@type\":\"WebPage\",\"@id\":\"http:\/\/www.padrekino.org\/info-sul-museo\/#webpage\",\"url\":\"http:\/\/www.padrekino.org\/info-sul-museo\/\",\"name\":\"Acerca del Museo de Segno - Padre Kino\",\"isPartOf\":{\"@id\":\"http:\/\/www.padrekino.org\/de\/#website\"},\"datePublished\":\"2015-12-13T16:17:46+00:00\",\"dateModified\":\"2016-06-21T21:25:11+00:00\",\"inLanguage\":\"es\",\"potentialAction\":[{\"@type\":\"ReadAction\",\"target\":[\"http:\/\/www.padrekino.org\/info-sul-museo\/\"]}]}]}<\/script>\n<!-- \/ Yoast SEO plugin. -->","_links":{"self":[{"href":"http:\/\/www.padrekino.org\/es\/wp-json\/wp\/v2\/pages\/57"}],"collection":[{"href":"http:\/\/www.padrekino.org\/es\/wp-json\/wp\/v2\/pages"}],"about":[{"href":"http:\/\/www.padrekino.org\/es\/wp-json\/wp\/v2\/types\/page"}],"author":[{"embeddable":true,"href":"http:\/\/www.padrekino.org\/es\/wp-json\/wp\/v2\/users\/2"}],"replies":[{"embeddable":true,"href":"http:\/\/www.padrekino.org\/es\/wp-json\/wp\/v2\/comments?post=57"}],"version-history":[{"count":0,"href":"http:\/\/www.padrekino.org\/es\/wp-json\/wp\/v2\/pages\/57\/revisions"}],"wp:attachment":[{"href":"http:\/\/www.padrekino.org\/es\/wp-json\/wp\/v2\/media?parent=57"}],"curies":[{"name":"wp","href":"https:\/\/api.w.org\/{rel}","templated":true}]}}