{"id":61,"date":"2015-12-15T14:19:55","date_gmt":"2015-12-15T13:19:55","guid":{"rendered":"http:\/\/www.padrekino.org\/?page_id=61"},"modified":"2016-01-16T02:35:39","modified_gmt":"2016-01-16T01:35:39","slug":"raggiungere-segno","status":"publish","type":"page","link":"http:\/\/www.padrekino.org\/es\/raggiungere-segno\/","title":{"rendered":"Como llegar a Segno"},"content":{"rendered":"<p><strong>En coche<\/strong><\/p>\n<p style=\"text-align: justify;\"><img class=\"alignright\" src=\"http:\/\/www.padrekino.org\/wp-content\/uploads\/2015\/12\/logo_auto-150x150.png\" alt=\"logo_auto\" \/>Segno se encuentra en Val di Non. Desde la autopista A22 (Autobrennero) despu\u00e9s de Trento, hacia el norte hasta el Paso del Brennero, salir en la salida de peaje de S.Michele d&#8217;Adige \/ Mezzocorona. Tome la Ruta Nacional N\u00ba. \u00b0 43 (Statale della Val di Non) direcci\u00f3n Mezzolombardo Cles. Segno se encuentra a aprox. 12 kilometros. de la salida de peaje. El museo y el monumento al Padre Kino est\u00e1n situados en el centro de la aldea.<\/p>\n<p><strong>En tren<\/strong><\/p>\n<p style=\"text-align: justify;\"><img class=\"alignright\" src=\"http:\/\/www.padrekino.org\/wp-content\/uploads\/2015\/12\/logo_treno-150x150.png\" alt=\"logo_treno\" \/>En la estaci\u00f3n de tren de Trento, (FS), tomar la l\u00ednea de tren de Trento-Mal\u00e8. El tren se detiene en la estaci\u00f3n de Segno. Museo y monumento se encuentran aproximadamente a 500 metros de la estaci\u00f3n de Segno.<\/p>\n<p><strong>En autob\u00fas<\/strong><\/p>\n<p style=\"text-align: justify;\"><img class=\"alignright\" src=\"http:\/\/www.padrekino.org\/wp-content\/uploads\/2015\/12\/logo_bus-150x150.png\" alt=\"logo_bus\" \/>La estaci\u00f3n de autobuses se encuentra a 80 metros fuera de la estaci\u00f3n de tren de Trento (a la derecha). El terminal Atesina tiene autobuses a Val di Non \/ hombre. La parada de autob\u00fas en Segno. Museo y monumento est\u00e1n aproximadamente a 500 metros de la parada de autob\u00fas.<\/p>\n<p><\/p>","protected":false},"excerpt":{"rendered":"<p>En coche Segno se encuentra en Val di Non. Desde la autopista A22 (Autobrennero) despu\u00e9s de Trento, hacia el norte hasta el Paso del Brennero, salir en la salida de peaje de S.Michele d&#8217;Adige \/ Mezzocorona. Tome la Ruta Nacional N\u00ba. \u00b0 43 (Statale della Val di Non) direcci\u00f3n Mezzolombardo Cles. Segno se encuentra a [&hellip;]<\/p>\n","protected":false},"author":2,"featured_media":0,"parent":0,"menu_order":0,"comment_status":"closed","ping_status":"closed","template":"","meta":[],"yoast_head":"<!-- This site is optimized with the Yoast SEO plugin v15.5 - https:\/\/yoast.com\/wordpress\/plugins\/seo\/ -->\n<title>Como llegar a Segno - Padre Kino<\/title>\n<meta name=\"robots\" content=\"index, follow, max-snippet:-1, max-image-preview:large, max-video-preview:-1\" \/>\n<link rel=\"canonical\" href=\"http:\/\/www.padrekino.org\/raggiungere-segno\/\" \/>\n<meta property=\"og:locale\" content=\"es_ES\" \/>\n<meta property=\"og:type\" content=\"article\" \/>\n<meta property=\"og:title\" content=\"Como llegar a Segno - Padre Kino\" \/>\n<meta property=\"og:description\" content=\"En coche Segno se encuentra en Val di Non. Desde la autopista A22 (Autobrennero) despu\u00e9s de Trento, hacia el norte hasta el Paso del Brennero, salir en la salida de peaje de S.Michele d&#8217;Adige \/ Mezzocorona. Tome la Ruta Nacional N\u00ba. \u00b0 43 (Statale della Val di Non) direcci\u00f3n Mezzolombardo Cles. Segno se encuentra a [&hellip;]\" \/>\n<meta property=\"og:url\" content=\"http:\/\/www.padrekino.org\/raggiungere-segno\/\" \/>\n<meta property=\"og:site_name\" content=\"Padre Kino\" \/>\n<meta property=\"article:modified_time\" content=\"2016-01-16T01:35:39+00:00\" \/>\n<meta property=\"og:image\" content=\"http:\/\/www.padrekino.org\/wp-content\/uploads\/2015\/12\/logo_auto-150x150.png\" \/>\n<meta name=\"twitter:card\" content=\"summary\" \/>\n<meta name=\"twitter:label1\" content=\"Tiempo de lectura\">\n\t<meta name=\"twitter:data1\" content=\"2 minutos\">\n<script type=\"application\/ld+json\" class=\"yoast-schema-graph\">{\"@context\":\"https:\/\/schema.org\",\"@graph\":[{\"@type\":\"WebSite\",\"@id\":\"http:\/\/www.padrekino.org\/#website\",\"url\":\"http:\/\/www.padrekino.org\/\",\"name\":\"Padre Kino\",\"description\":\"Padre a Cavallo\",\"potentialAction\":[{\"@type\":\"SearchAction\",\"target\":\"http:\/\/www.padrekino.org\/?s={search_term_string}\",\"query-input\":\"required name=search_term_string\"}],\"inLanguage\":\"es\"},{\"@type\":\"ImageObject\",\"@id\":\"http:\/\/www.padrekino.org\/raggiungere-segno\/#primaryimage\",\"inLanguage\":\"es\",\"url\":\"http:\/\/www.padrekino.org\/wp-content\/uploads\/2015\/12\/logo_auto.png\",\"width\":350,\"height\":350},{\"@type\":\"WebPage\",\"@id\":\"http:\/\/www.padrekino.org\/raggiungere-segno\/#webpage\",\"url\":\"http:\/\/www.padrekino.org\/raggiungere-segno\/\",\"name\":\"Como llegar a Segno - Padre Kino\",\"isPartOf\":{\"@id\":\"http:\/\/www.padrekino.org\/#website\"},\"primaryImageOfPage\":{\"@id\":\"http:\/\/www.padrekino.org\/raggiungere-segno\/#primaryimage\"},\"datePublished\":\"2015-12-15T13:19:55+00:00\",\"dateModified\":\"2016-01-16T01:35:39+00:00\",\"inLanguage\":\"es\",\"potentialAction\":[{\"@type\":\"ReadAction\",\"target\":[\"http:\/\/www.padrekino.org\/raggiungere-segno\/\"]}]}]}<\/script>\n<!-- \/ Yoast SEO plugin. -->","_links":{"self":[{"href":"http:\/\/www.padrekino.org\/es\/wp-json\/wp\/v2\/pages\/61"}],"collection":[{"href":"http:\/\/www.padrekino.org\/es\/wp-json\/wp\/v2\/pages"}],"about":[{"href":"http:\/\/www.padrekino.org\/es\/wp-json\/wp\/v2\/types\/page"}],"author":[{"embeddable":true,"href":"http:\/\/www.padrekino.org\/es\/wp-json\/wp\/v2\/users\/2"}],"replies":[{"embeddable":true,"href":"http:\/\/www.padrekino.org\/es\/wp-json\/wp\/v2\/comments?post=61"}],"version-history":[{"count":0,"href":"http:\/\/www.padrekino.org\/es\/wp-json\/wp\/v2\/pages\/61\/revisions"}],"wp:attachment":[{"href":"http:\/\/www.padrekino.org\/es\/wp-json\/wp\/v2\/media?parent=61"}],"curies":[{"name":"wp","href":"https:\/\/api.w.org\/{rel}","templated":true}]}}