{"id":90,"date":"2015-12-15T15:06:04","date_gmt":"2015-12-15T14:06:04","guid":{"rendered":"http:\/\/www.padrekino.org\/?page_id=90"},"modified":"2016-03-29T13:55:27","modified_gmt":"2016-03-29T11:55:27","slug":"le-missioni","status":"publish","type":"page","link":"http:\/\/www.padrekino.org\/es\/le-missioni\/","title":{"rendered":"Misiones"},"content":{"rendered":"<p><\/p>\n<p style=\"text-align: center;\"><em>Mapa de la Papaguer\u00eda<\/em><\/p>\n<p style=\"text-align: justify;\"><img class=\"aligncenter\" src=\"http:\/\/www.padrekino.org\/wp-content\/uploads\/2015\/12\/missions_map_1-300x274.jpg\" alt=\"missions_map_1\" \/><\/p>\n<hr \/>\n<p style=\"text-align: justify;\">Mapa Google de las misiones de Kino:\u00a0<a href=\"https:\/\/www.google.com\/maps\/d\/viewer?mid=zvxlpf_p4TL4.k30SzNtDUCZY&amp;hl=en_US\">https:\/\/www.google.com\/maps\/d\/viewer?mid=zvxlpf_p4TL4.k30SzNtDUCZY&amp;hl=en_US<\/a><\/p>\n<hr \/>\n<p style=\"text-align: justify;\"><strong>Misi\u00f3n de La Pur\u00edsima Concepci\u00f3n de Nuestra Se\u00f1ora de Caborca<br \/>\n<\/strong><br \/>\nEnga\u00f1osamente tranquilo, Caborca \u200b\u200bse eleva a lo largo de las orillas del R\u00edo Concepci\u00f3n en el coraz\u00f3n de una llanura incre\u00edblemente f\u00e9rtil en el gran desierto occidental de Sonora. El propio Padre Kino qued\u00f3 impresionado por su potencial y c<a href=\"http:\/\/www.padrekino.org\/wp-content\/uploads\/2015\/12\/cabo_2.jpg\" rel=\"attachment wp-att-682\"><img loading=\"lazy\" class=\"size-medium wp-image-682 alignright\" src=\"http:\/\/www.padrekino.org\/wp-content\/uploads\/2015\/12\/cabo_2-300x220.jpg\" alt=\"cabo_2\" width=\"300\" height=\"220\" srcset=\"http:\/\/www.padrekino.org\/wp-content\/uploads\/2015\/12\/cabo_2-300x220.jpg 300w, http:\/\/www.padrekino.org\/wp-content\/uploads\/2015\/12\/cabo_2-768x562.jpg 768w, http:\/\/www.padrekino.org\/wp-content\/uploads\/2015\/12\/cabo_2-1024x749.jpg 1024w, http:\/\/www.padrekino.org\/wp-content\/uploads\/2015\/12\/cabo_2.jpg 1200w\" sizes=\"(max-width: 300px) 100vw, 300px\" \/><\/a>omenz\u00f3 la construcci\u00f3n de una nueva misi\u00f3n aqu\u00ed en 1693.<br \/>\nLa iglesia actual fue construida entre 1803 y 1809. Se muestra muchas similitudes arquitect\u00f3nicas a San Xavier del Bac. Una gran convento una vez estuvo al norte de la iglesia, sino que rabia inundaciones a principios del siglo 20 arranc\u00f3 en esta construcci\u00f3n y erosionado la sacrist\u00eda y la parte trasera del santuario; sucedi\u00f3 de nuevo en la d\u00e9cada de 1980. Desde entonces, el gobierno mexicano ha restaurado la iglesia y la convirti\u00f3 en un monumento nacional.<br \/>\nUna nueva plaza fue creada en frente de la iglesia en 1967. El peque\u00f1o arco que sirve de entrada formal a la plaza se hizo de la fachada de piedra de una antigua capilla en la ciudad de Batuc que ha sido inundado por las aguas de El Novillo presa en el R\u00edo Yaqui.<\/p>\n<p style=\"text-align: justify;\"><strong>Misi\u00f3n de Nuestra Se\u00f1ora del Pilar y Santiago de Coc\u00f3spera<br \/>\n<\/strong><br \/>\nNinguna iglesia en el norte de Sonora ha ocupado siempre el mismo grado de fascinaci\u00f3n creado por la ruina solitaria de Coc\u00f3spera. Situado en un alto acantilado sobre el pintoresco valle Coc\u00f3spera, esta misi\u00f3n ha sido testigo del auge y la ca\u00edda del imperio.<br \/>\nLa iglesia original fue el doble cerca de la misi\u00f3n Remedios.<br \/>\nLa fachada de la iglesia Kino estaba flanqueada por grandes torres, defensa cuadrados que m\u00e1s tarde formaron las bases para campanarios gemelos. Las ventanas y las puertas estaban construidas de postes y dinteles con ensancha surgido planas y <a href=\"http:\/\/www.padrekino.org\/wp-content\/uploads\/2016\/01\/cocospera_1.jpg\" rel=\"attachment wp-att-691\"><img loading=\"lazy\" class=\"size-medium wp-image-691 alignleft\" src=\"http:\/\/www.padrekino.org\/wp-content\/uploads\/2016\/01\/cocospera_1-300x201.jpg\" alt=\"cocospera_1\" width=\"300\" height=\"201\" srcset=\"http:\/\/www.padrekino.org\/wp-content\/uploads\/2016\/01\/cocospera_1-300x201.jpg 300w, http:\/\/www.padrekino.org\/wp-content\/uploads\/2016\/01\/cocospera_1.jpg 572w\" sizes=\"(max-width: 300px) 100vw, 300px\" \/><\/a>aberturas de madera y parrilla. Las paredes interiores se recubren con un yeso blanco fino y decoradas con pinturas ocres rojos.<br \/>\nCuando los franciscanos renovado la misi\u00f3n en el siglo 18, que se alineaban en la c\u00e1scara de adobe con ladrillos cocidos, plantearon fuertes, roca contrafuertes fuera de la nave, y erigieron un nuevo ladrillo y estuco fachada. El interior de la iglesia se enfrent\u00f3 con el ladrillo y muy pegado, permitiendo as\u00ed una exuberancia de relieves de yeso planteadas que incorporan una variedad de guirnaldas, urnas, y conchas de vieira.<br \/>\nLa ruina misi\u00f3n de Coc\u00f3spera es f\u00e1cilmente accesible hoy tomando la carretera 2 de Imuris a Cananea. El sitio est\u00e1 ubicado en el lado noroeste de la carretera. Tal vez sea demasiado accesible, ya que ha sido devastada continuamente por cazadores de tesoros equivocadas cuyo pick-martillos y palas casi han destruido este monumento para el hombre y Dios en la frontera del desierto.<\/p>\n<p style=\"text-align: justify;\"><strong>Misi\u00f3n de Santa Mar\u00eda Magdalena (de Kino)<\/strong><\/p>\n<p style=\"text-align: justify;\"><a href=\"http:\/\/www.padrekino.org\/wp-content\/uploads\/2015\/12\/magdalena_j.jpg\" rel=\"attachment wp-att-717\"><img loading=\"lazy\" class=\"size-medium wp-image-717 aligncenter\" src=\"http:\/\/www.padrekino.org\/wp-content\/uploads\/2015\/12\/magdalena_j-300x257.jpg\" alt=\"magdalena_j\" width=\"300\" height=\"257\" srcset=\"http:\/\/www.padrekino.org\/wp-content\/uploads\/2015\/12\/magdalena_j-300x257.jpg 300w, http:\/\/www.padrekino.org\/wp-content\/uploads\/2015\/12\/magdalena_j.jpg 485w\" sizes=\"(max-width: 300px) 100vw, 300px\" \/><\/a><\/p>\n<p style=\"text-align: justify;\"><strong>Misi\u00f3n de San Antonio de Oquitoa<\/strong><\/p>\n<p style=\"text-align: justify;\"><a href=\"http:\/\/www.padrekino.org\/wp-content\/uploads\/2015\/12\/oquitoa.jpg\" rel=\"attachment wp-att-718\"><img loading=\"lazy\" class=\"size-medium wp-image-718 aligncenter\" src=\"http:\/\/www.padrekino.org\/wp-content\/uploads\/2015\/12\/oquitoa-225x300.jpg\" alt=\"oquitoa\" width=\"225\" height=\"300\" srcset=\"http:\/\/www.padrekino.org\/wp-content\/uploads\/2015\/12\/oquitoa-225x300.jpg 225w, http:\/\/www.padrekino.org\/wp-content\/uploads\/2015\/12\/oquitoa.jpg 480w\" sizes=\"(max-width: 225px) 100vw, 225px\" \/><\/a><\/p>\n<p style=\"text-align: justify;\"><strong>Misi\u00f3n de San Diego de Pitiquito<\/strong><\/p>\n<p style=\"text-align: justify;\"><a href=\"http:\/\/www.padrekino.org\/wp-content\/uploads\/2015\/12\/pitiquito.jpg\" rel=\"attachment wp-att-719\"><img loading=\"lazy\" class=\"size-medium wp-image-719 aligncenter\" src=\"http:\/\/www.padrekino.org\/wp-content\/uploads\/2015\/12\/pitiquito-300x225.jpg\" alt=\"pitiquito\" width=\"300\" height=\"225\" srcset=\"http:\/\/www.padrekino.org\/wp-content\/uploads\/2015\/12\/pitiquito-300x225.jpg 300w, http:\/\/www.padrekino.org\/wp-content\/uploads\/2015\/12\/pitiquito.jpg 500w\" sizes=\"(max-width: 300px) 100vw, 300px\" \/><\/a><\/p>\n<p style=\"text-align: justify;\"><strong>Misi\u00f3n di San Ignacio de Caburica<br \/>\n<\/strong><br \/>\nSan Ignacio de Caburica, seis millas r\u00edo arriba de Magdalena de Kino, descansa en paz cerca de algunas colinas bajas alrededor de la cual el r\u00edo vira en su curso hacia el suroeste de Imuris. San Ignacio es uno de los verdaderos placeres de la frontera misi\u00f3n de Sonora.<br \/>\nEl sitio de la misi\u00f3n fue elegido por el Padre Kino en 1687 debido Caburica era una rancher\u00eda Piman poblada. Una serie de peque\u00f1as capillas sirvi\u00f3 como visitas o edificios como temporales hasta 1693, cuando el padre Agust\u00edn de Campos lleg\u00f3 para transformar Caburica en una cabecera. Su nueva iglesia fue quemada durante la sublevaci\u00f3n de Pima de 1695, pero pronto reconstruida. Durante cuarenta y tres <a href=\"http:\/\/www.padrekino.org\/wp-content\/uploads\/2015\/12\/san_ignacio_1.jpg\" rel=\"attachment wp-att-699\"><img loading=\"lazy\" class=\"size-medium wp-image-699 alignright\" src=\"http:\/\/www.padrekino.org\/wp-content\/uploads\/2015\/12\/san_ignacio_1-300x205.jpg\" alt=\"san_ignacio_1\" width=\"300\" height=\"205\" srcset=\"http:\/\/www.padrekino.org\/wp-content\/uploads\/2015\/12\/san_ignacio_1-300x205.jpg 300w, http:\/\/www.padrekino.org\/wp-content\/uploads\/2015\/12\/san_ignacio_1-768x524.jpg 768w, http:\/\/www.padrekino.org\/wp-content\/uploads\/2015\/12\/san_ignacio_1.jpg 886w\" sizes=\"(max-width: 300px) 100vw, 300px\" \/><\/a> a\u00f1os de San Ignacio sirvi\u00f3 como sede de Padre Campos, uno de los t\u00e9rminos m\u00e1s largos de servicio misionero en el registro en la Pimer\u00eda Aita.<br \/>\nLongevidad y misioneras habilidades Campos &#8216;hizo San Ignacio un campo de entrenamiento para nuevos jesuitas pasar a las misiones de la Pimer\u00eda. Altamente calificados en los diversos dialectos Piman, su presencia en San Ignacio, naturalmente, lo convirti\u00f3 en una escuela de idiomas y el campo de pruebas para los que se asignar\u00edan a otras iglesias m\u00e1s distantes.<br \/>\nCuando toda la frontera norte se consolid\u00f3 en la di\u00f3cesis de Sonora en 1779, San Ignacio sumi\u00f3 en el olvido. Hoy en d\u00eda el pueblo es una joya de la tranquilidad.<\/p>\n<p style=\"text-align: justify;\"><strong>Misi\u00f3n de San Xavier del Bac<br \/>\n<\/strong><br \/>\nLas bases para la gran misi\u00f3n de San Xavier del Bac se establecieron en 1700 por el Padre Eusebio Kino. Se hab\u00eda quedado impresionado algunos a\u00f1os antes por este grande de los pueblos pima lo largo de la Santa Cruz. Pero incluso despu\u00e9s de que se complet\u00f3 la misi\u00f3n, que permaneci\u00f3 vacante a trav\u00e9s de las primeras d\u00e9cadas del siglo 18.<br \/>\nGran estructura de adobe de Espinosa era el mismo utilizado por los franciscanos <a href=\"http:\/\/www.padrekino.org\/wp-content\/uploads\/2016\/01\/Mission_san_salvior_del_blac.jpg\" rel=\"attachment wp-att-707\"><img loading=\"lazy\" class=\"size-medium wp-image-707 alignleft\" src=\"http:\/\/www.padrekino.org\/wp-content\/uploads\/2016\/01\/Mission_san_salvior_del_blac-300x253.jpg\" alt=\"Mission_san_salvior_del_blac\" width=\"300\" height=\"253\" srcset=\"http:\/\/www.padrekino.org\/wp-content\/uploads\/2016\/01\/Mission_san_salvior_del_blac-300x253.jpg 300w, http:\/\/www.padrekino.org\/wp-content\/uploads\/2016\/01\/Mission_san_salvior_del_blac-768x648.jpg 768w, http:\/\/www.padrekino.org\/wp-content\/uploads\/2016\/01\/Mission_san_salvior_del_blac.jpg 800w\" sizes=\"(max-width: 300px) 100vw, 300px\" \/><\/a>cuando se hizo cargo en 1768 de los jesuitas exiliados. Sirvi\u00f3 como sede de Fray Francisco Hermenegildo Garc\u00e9s hasta que fue trasladado a Tucson para estar en estrecho apoyo al presidio de nueva construcci\u00f3n.<br \/>\nHoy en d\u00eda, la misi\u00f3n de San Xavier del Bac es uno de los tesoros de arte colonial de Am\u00e9rica. Su arquitectura barroca es un monumento al esplendor de la civilizaci\u00f3n europea que lleg\u00f3 por primera vez a la frontera del desierto de Sonora y Arizona. Rodeado de campos de cereales y algod\u00f3n y por las viviendas de los p\u00e1pagos de adobe, es una p\u00e1gina del pasado que ha sido olvidado en la prisa de las autopistas y de los residuos de las ciudades atestadas.<\/p>\n<p style=\"text-align: justify;\"><strong>Misi\u00f3n de San Pedro y San Pablo\u00a0de\u00a0Tubutama<\/strong><\/p>\n<p style=\"text-align: justify;\"><a href=\"http:\/\/www.padrekino.org\/wp-content\/uploads\/2015\/12\/1754735.jpg\" rel=\"attachment wp-att-713\"><img loading=\"lazy\" class=\"size-medium wp-image-713 aligncenter\" src=\"http:\/\/www.padrekino.org\/wp-content\/uploads\/2015\/12\/1754735-225x300.jpg\" alt=\"1754735\" width=\"225\" height=\"300\" srcset=\"http:\/\/www.padrekino.org\/wp-content\/uploads\/2015\/12\/1754735-225x300.jpg 225w, http:\/\/www.padrekino.org\/wp-content\/uploads\/2015\/12\/1754735.jpg 768w\" sizes=\"(max-width: 225px) 100vw, 225px\" \/><\/a><\/p>\n<p style=\"text-align: justify;\"><strong><br \/>\nMisi\u00f3n de San Cayetano de Tumacacori<br \/>\n<\/strong><br \/>\nEl pasado de Tumac\u00e1cori es dif\u00edcil de alcanzar. Todos los mapas de Padre Kino indican una aldea india de Tumac\u00e1cori en la orilla este de la Cruz de Santa Rjver. Al <a href=\"http:\/\/www.padrekino.org\/wp-content\/uploads\/2015\/12\/tumacacori_2.jpg\" rel=\"attachment wp-att-715\"><img loading=\"lazy\" class=\"size-medium wp-image-715 alignright\" src=\"http:\/\/www.padrekino.org\/wp-content\/uploads\/2015\/12\/tumacacori_2-300x200.jpg\" alt=\"tumacacori_2\" width=\"300\" height=\"200\" srcset=\"http:\/\/www.padrekino.org\/wp-content\/uploads\/2015\/12\/tumacacori_2-300x200.jpg 300w, http:\/\/www.padrekino.org\/wp-content\/uploads\/2015\/12\/tumacacori_2.jpg 600w\" sizes=\"(max-width: 300px) 100vw, 300px\" \/><\/a>parecer, el sitio era un lugar de paso conveniente donde las aguas del r\u00edo tuvieron la oportunidad de ampliar a cabo. De Tumac\u00e1cori el camino cruz\u00f3 el r\u00edo hacia el oeste y continu\u00f3 hasta San Xavier del Bac.<br \/>\nA lo largo de los tiempos de los jesuitas no hab\u00eda nada m\u00e1s aqu\u00ed que una peque\u00f1a capilla camino, y su importancia var\u00eda con los cambios en la poblaci\u00f3n ind\u00edgena. Parece que debido a recurrentes Apache incursiones del sobaipuris sac\u00f3 del valle del r\u00edo San Pedro y se refugi\u00f3 en estas misiones dentro de la esfera de protecci\u00f3n espa\u00f1ol.<br \/>\n<a href=\"http:\/\/www.padrekino.org\/wp-content\/uploads\/2015\/12\/tumacacori_1.jpg\" rel=\"attachment wp-att-714\"><img loading=\"lazy\" class=\"size-medium wp-image-714 alignleft\" src=\"http:\/\/www.padrekino.org\/wp-content\/uploads\/2015\/12\/tumacacori_1-300x162.jpg\" alt=\"tumacacori_1\" width=\"300\" height=\"162\" srcset=\"http:\/\/www.padrekino.org\/wp-content\/uploads\/2015\/12\/tumacacori_1-300x162.jpg 300w, http:\/\/www.padrekino.org\/wp-content\/uploads\/2015\/12\/tumacacori_1-768x415.jpg 768w, http:\/\/www.padrekino.org\/wp-content\/uploads\/2015\/12\/tumacacori_1-1024x553.jpg 1024w, http:\/\/www.padrekino.org\/wp-content\/uploads\/2015\/12\/tumacacori_1-1260x680.jpg 1260w\" sizes=\"(max-width: 300px) 100vw, 300px\" \/><\/a>Puesto que la presente misi\u00f3n lleva un nombre nuevo, San Jos\u00e9 de Tumac\u00e1cori, lo m\u00e1s probable es que la iglesia fue erigida en un nuevo y algo diferente sitio de la de Kino. Esta misi\u00f3n fue erigida en 1773 y reconstruida en varias ocasiones. La construcci\u00f3n fue suspendida en 1822 debido a la falta de fondos, aunque la iglesia se mantuvo en uso hasta la secularizaci\u00f3n se hizo efectiva en la d\u00e9cada de 1840.<br \/>\nTumacaccori es ahora parte de la Tumac\u00e1cori National Historical Park. En 1908 se convirti\u00f3 en monumento nacional. Entonces fue criado por una ley del Congreso a la categor\u00eda de Parque Nacional en 1990.<\/p>\n<p><\/p>","protected":false},"excerpt":{"rendered":"<p>Mapa de la Papaguer\u00eda Mapa Google de las misiones de Kino:\u00a0https:\/\/www.google.com\/maps\/d\/viewer?mid=zvxlpf_p4TL4.k30SzNtDUCZY&amp;hl=en_US Misi\u00f3n de La Pur\u00edsima Concepci\u00f3n de Nuestra Se\u00f1ora de Caborca Enga\u00f1osamente tranquilo, Caborca \u200b\u200bse eleva a lo largo de las orillas del R\u00edo Concepci\u00f3n en el coraz\u00f3n de una llanura incre\u00edblemente f\u00e9rtil en el gran desierto occidental de Sonora. El propio Padre Kino qued\u00f3 [&hellip;]<\/p>\n","protected":false},"author":2,"featured_media":0,"parent":0,"menu_order":0,"comment_status":"closed","ping_status":"closed","template":"","meta":[],"yoast_head":"<!-- This site is optimized with the Yoast SEO plugin v15.5 - https:\/\/yoast.com\/wordpress\/plugins\/seo\/ -->\n<title>Misiones - Padre Kino<\/title>\n<meta name=\"robots\" content=\"index, follow, max-snippet:-1, max-image-preview:large, max-video-preview:-1\" \/>\n<link rel=\"canonical\" href=\"http:\/\/www.padrekino.org\/le-missioni\/\" \/>\n<meta property=\"og:locale\" content=\"es_ES\" \/>\n<meta property=\"og:type\" content=\"article\" \/>\n<meta property=\"og:title\" content=\"Misiones - Padre Kino\" \/>\n<meta property=\"og:description\" content=\"Mapa de la Papaguer\u00eda Mapa Google de las misiones de Kino:\u00a0https:\/\/www.google.com\/maps\/d\/viewer?mid=zvxlpf_p4TL4.k30SzNtDUCZY&amp;hl=en_US Misi\u00f3n de La Pur\u00edsima Concepci\u00f3n de Nuestra Se\u00f1ora de Caborca Enga\u00f1osamente tranquilo, Caborca \u200b\u200bse eleva a lo largo de las orillas del R\u00edo Concepci\u00f3n en el coraz\u00f3n de una llanura incre\u00edblemente f\u00e9rtil en el gran desierto occidental de Sonora. El propio Padre Kino qued\u00f3 [&hellip;]\" \/>\n<meta property=\"og:url\" content=\"http:\/\/www.padrekino.org\/le-missioni\/\" \/>\n<meta property=\"og:site_name\" content=\"Padre Kino\" \/>\n<meta property=\"article:modified_time\" content=\"2016-03-29T11:55:27+00:00\" \/>\n<meta property=\"og:image\" content=\"http:\/\/www.padrekino.org\/wp-content\/uploads\/2015\/12\/missions_map_1-300x274.jpg\" \/>\n<meta name=\"twitter:card\" content=\"summary\" \/>\n<meta name=\"twitter:label1\" content=\"Tiempo de lectura\">\n\t<meta name=\"twitter:data1\" content=\"17 minutos\">\n<script type=\"application\/ld+json\" class=\"yoast-schema-graph\">{\"@context\":\"https:\/\/schema.org\",\"@graph\":[{\"@type\":\"WebSite\",\"@id\":\"http:\/\/www.padrekino.org\/#website\",\"url\":\"http:\/\/www.padrekino.org\/\",\"name\":\"Padre Kino\",\"description\":\"Padre a Cavallo\",\"potentialAction\":[{\"@type\":\"SearchAction\",\"target\":\"http:\/\/www.padrekino.org\/?s={search_term_string}\",\"query-input\":\"required name=search_term_string\"}],\"inLanguage\":\"es\"},{\"@type\":\"ImageObject\",\"@id\":\"http:\/\/www.padrekino.org\/le-missioni\/#primaryimage\",\"inLanguage\":\"es\",\"url\":\"http:\/\/www.padrekino.org\/wp-content\/uploads\/2015\/12\/missions_map_1.jpg\",\"width\":580,\"height\":529},{\"@type\":\"WebPage\",\"@id\":\"http:\/\/www.padrekino.org\/le-missioni\/#webpage\",\"url\":\"http:\/\/www.padrekino.org\/le-missioni\/\",\"name\":\"Misiones - Padre Kino\",\"isPartOf\":{\"@id\":\"http:\/\/www.padrekino.org\/#website\"},\"primaryImageOfPage\":{\"@id\":\"http:\/\/www.padrekino.org\/le-missioni\/#primaryimage\"},\"datePublished\":\"2015-12-15T14:06:04+00:00\",\"dateModified\":\"2016-03-29T11:55:27+00:00\",\"inLanguage\":\"es\",\"potentialAction\":[{\"@type\":\"ReadAction\",\"target\":[\"http:\/\/www.padrekino.org\/le-missioni\/\"]}]}]}<\/script>\n<!-- \/ Yoast SEO plugin. -->","_links":{"self":[{"href":"http:\/\/www.padrekino.org\/es\/wp-json\/wp\/v2\/pages\/90"}],"collection":[{"href":"http:\/\/www.padrekino.org\/es\/wp-json\/wp\/v2\/pages"}],"about":[{"href":"http:\/\/www.padrekino.org\/es\/wp-json\/wp\/v2\/types\/page"}],"author":[{"embeddable":true,"href":"http:\/\/www.padrekino.org\/es\/wp-json\/wp\/v2\/users\/2"}],"replies":[{"embeddable":true,"href":"http:\/\/www.padrekino.org\/es\/wp-json\/wp\/v2\/comments?post=90"}],"version-history":[{"count":0,"href":"http:\/\/www.padrekino.org\/es\/wp-json\/wp\/v2\/pages\/90\/revisions"}],"wp:attachment":[{"href":"http:\/\/www.padrekino.org\/es\/wp-json\/wp\/v2\/media?parent=90"}],"curies":[{"name":"wp","href":"https:\/\/api.w.org\/{rel}","templated":true}]}}