{"id":109,"date":"2015-12-15T22:52:29","date_gmt":"2015-12-15T21:52:29","guid":{"rendered":"http:\/\/www.padrekino.org\/?page_id=109"},"modified":"2016-01-10T21:22:17","modified_gmt":"2016-01-10T20:22:17","slug":"il-monumento-di-segno","status":"publish","type":"page","link":"https:\/\/www.padrekino.org\/de\/il-monumento-di-segno\/","title":{"rendered":"Das Denkmal f\u00fcr Padre Kino in Segno"},"content":{"rendered":"<p><\/p>\n<p style=\"text-align: justify;\">Das Denkmal f\u00fcr Padre Kino<img class=\"alignleft\" src=\"http:\/\/www.padrekino.org\/wp-content\/uploads\/2015\/12\/cavallo.jpg\" alt=\"\" \/> in Gr\u00f6\u00dfe \u00f6ffentliche Feierlichkeiten sind 1987 in Tucson gehalten worden. Der Anla\u00df war das dreihundertj\u00e4hrige Jubil\u00e4um des Ankommens von Pater Kino in das damalige Land Pimeria Alta. Ein Projekt wurde zus\u00e4tzlich zu den unterschiedlichen Begegnungen gestartet: &#8222;Drei Statuen f\u00fcr drei Jahrhunderte.&#8220; Ein aus den B\u00fcrger und B\u00fcrgerinnen von Tucson zusammengesetzte Komitee ist gegr\u00fcndet worden, dessen Arbeit durch die Historische Gesellschaft des Staates Arizona finanziell unterst\u00fctzt wurde. Das Komitee beauftragte den ber\u00fchmten mexikanischen Artist Julian Martinez, der bereits Pater Kino in vielen anderen Werken dargestellt hat, drei monumentalen Reiterstatuen zu entwerfen und gie\u00dfen zu lassen. Sie wurden gegossen mit der Idee, eine von ihnen in Tucson aufzustellen, wo Pater Kino die wundersch\u00f6ne Mission San Xavier del Bac gegr\u00fcndet hat, die zweite in Magdalena, um Pater Kino Beerdigunsort zu ehren, und die dritte in Segno, in seinem Geburtsort. In Anwesenheit d<br \/>\ner Vertretern aus den Vereinigten Staaten, aus den Staaten Arizona und Sonora und aus der Region von Trient, wurde am 16 Juni 1991 die dritte Statue enth\u00fcllt.<br \/>\nDie Statue in Segno stellt Pater Kino am Reitro\u00df dar, er ist m\u00fcde nach einer langen Reise durch die W\u00fcste. An seiner Seite h\u00e4ngt ein Astrolab, das untrennbare Instrument eines Astronomen und Kartographers; in seiner Hand h\u00e4lt er eine abalone Muschel, eine von der Art der blauen Muscheln, die auf der K\u00fcste der Pazifischen Ozeans zu finden sind. Einige von diesen Muscheln bekam Pater Kino als Geschenk von den Indianern. Die Muscheln inspirierten ihn den Schlu\u00df zu ziehen, da\u00df California eine Halbinsel ist. Er bewunderte die Muscheln fr\u00fcher auf der Halbinsel Baja California und er war erstaunt, sie wiederum im Norden von Pimeria zu sehen. Der heiter und vision\u00e4rischer Ausdruck Kino&#8217;s Denkmals zeigt einen determinierten Charakter, der bereit ist seinen dienerischen Ziel zu verwirklichen: den Leuten aus dem Nordwest von Neu Spanien neue Ausblicke der Wohlfahrt zu er\u00f6ffnen. Das betr\u00e4chtliche Denkmal aus Bronze wiegt 4,5 Tonnen, ist 4,5 Meter hoch, 3,7 Meter lang und 1,8 Meter breit. Auf dem Fundament des Denkmals gibt es eine Inschrift in Bronze, sie schildert und fa\u00dft zusammen das Leben des gro\u00dfen Jesuiten aus Tirol.<\/p>\n<p><\/p>","protected":false},"excerpt":{"rendered":"<p>Das Denkmal f\u00fcr Padre Kino in Gr\u00f6\u00dfe \u00f6ffentliche Feierlichkeiten sind 1987 in Tucson gehalten worden. Der Anla\u00df war das dreihundertj\u00e4hrige Jubil\u00e4um des Ankommens von Pater Kino in das damalige Land Pimeria Alta. Ein Projekt wurde zus\u00e4tzlich zu den unterschiedlichen Begegnungen gestartet: &#8222;Drei Statuen f\u00fcr drei Jahrhunderte.&#8220; Ein aus den B\u00fcrger und B\u00fcrgerinnen von Tucson zusammengesetzte [&hellip;]<\/p>\n","protected":false},"author":2,"featured_media":0,"parent":0,"menu_order":0,"comment_status":"closed","ping_status":"closed","template":"","meta":[],"yoast_head":"<!-- This site is optimized with the Yoast SEO plugin v15.5 - https:\/\/yoast.com\/wordpress\/plugins\/seo\/ -->\n<title>Das Denkmal f\u00fcr Padre Kino in Segno - Padre Kino<\/title>\n<meta name=\"robots\" content=\"index, follow, max-snippet:-1, max-image-preview:large, max-video-preview:-1\" \/>\n<link rel=\"canonical\" href=\"https:\/\/www.padrekino.org\/il-monumento-di-segno\/\" \/>\n<meta property=\"og:locale\" content=\"de_DE\" \/>\n<meta property=\"og:type\" content=\"article\" \/>\n<meta property=\"og:title\" content=\"Das Denkmal f\u00fcr Padre Kino in Segno - Padre Kino\" \/>\n<meta property=\"og:description\" content=\"Das Denkmal f\u00fcr Padre Kino in Gr\u00f6\u00dfe \u00f6ffentliche Feierlichkeiten sind 1987 in Tucson gehalten worden. Der Anla\u00df war das dreihundertj\u00e4hrige Jubil\u00e4um des Ankommens von Pater Kino in das damalige Land Pimeria Alta. Ein Projekt wurde zus\u00e4tzlich zu den unterschiedlichen Begegnungen gestartet: &#8222;Drei Statuen f\u00fcr drei Jahrhunderte.&#8220; Ein aus den B\u00fcrger und B\u00fcrgerinnen von Tucson zusammengesetzte [&hellip;]\" \/>\n<meta property=\"og:url\" content=\"https:\/\/www.padrekino.org\/il-monumento-di-segno\/\" \/>\n<meta property=\"og:site_name\" content=\"Padre Kino\" \/>\n<meta property=\"article:modified_time\" content=\"2016-01-10T20:22:17+00:00\" \/>\n<meta property=\"og:image\" content=\"http:\/\/www.padrekino.org\/wp-content\/uploads\/2015\/12\/cavallo.jpg\" \/>\n<meta name=\"twitter:card\" content=\"summary\" \/>\n<meta name=\"twitter:label1\" content=\"Gesch\u00e4tzte Lesezeit\">\n\t<meta name=\"twitter:data1\" content=\"5\u00a0Minuten\">\n<script type=\"application\/ld+json\" class=\"yoast-schema-graph\">{\"@context\":\"https:\/\/schema.org\",\"@graph\":[{\"@type\":\"WebSite\",\"@id\":\"http:\/\/www.padrekino.org\/en\/#website\",\"url\":\"http:\/\/www.padrekino.org\/en\/\",\"name\":\"Padre Kino\",\"description\":\"Padre a Cavallo\",\"potentialAction\":[{\"@type\":\"SearchAction\",\"target\":\"http:\/\/www.padrekino.org\/en\/?s={search_term_string}\",\"query-input\":\"required name=search_term_string\"}],\"inLanguage\":\"de\"},{\"@type\":\"ImageObject\",\"@id\":\"https:\/\/www.padrekino.org\/il-monumento-di-segno\/#primaryimage\",\"inLanguage\":\"de\",\"url\":\"http:\/\/www.padrekino.org\/wp-content\/uploads\/2015\/12\/cavallo.jpg\"},{\"@type\":\"WebPage\",\"@id\":\"https:\/\/www.padrekino.org\/il-monumento-di-segno\/#webpage\",\"url\":\"https:\/\/www.padrekino.org\/il-monumento-di-segno\/\",\"name\":\"Das Denkmal f\\u00fcr Padre Kino in Segno - Padre Kino\",\"isPartOf\":{\"@id\":\"http:\/\/www.padrekino.org\/en\/#website\"},\"primaryImageOfPage\":{\"@id\":\"https:\/\/www.padrekino.org\/il-monumento-di-segno\/#primaryimage\"},\"datePublished\":\"2015-12-15T21:52:29+00:00\",\"dateModified\":\"2016-01-10T20:22:17+00:00\",\"inLanguage\":\"de\",\"potentialAction\":[{\"@type\":\"ReadAction\",\"target\":[\"https:\/\/www.padrekino.org\/il-monumento-di-segno\/\"]}]}]}<\/script>\n<!-- \/ Yoast SEO plugin. -->","_links":{"self":[{"href":"https:\/\/www.padrekino.org\/de\/wp-json\/wp\/v2\/pages\/109"}],"collection":[{"href":"https:\/\/www.padrekino.org\/de\/wp-json\/wp\/v2\/pages"}],"about":[{"href":"https:\/\/www.padrekino.org\/de\/wp-json\/wp\/v2\/types\/page"}],"author":[{"embeddable":true,"href":"https:\/\/www.padrekino.org\/de\/wp-json\/wp\/v2\/users\/2"}],"replies":[{"embeddable":true,"href":"https:\/\/www.padrekino.org\/de\/wp-json\/wp\/v2\/comments?post=109"}],"version-history":[{"count":0,"href":"https:\/\/www.padrekino.org\/de\/wp-json\/wp\/v2\/pages\/109\/revisions"}],"wp:attachment":[{"href":"https:\/\/www.padrekino.org\/de\/wp-json\/wp\/v2\/media?parent=109"}],"curies":[{"name":"wp","href":"https:\/\/api.w.org\/{rel}","templated":true}]}}