{"id":226,"date":"2015-12-19T18:13:39","date_gmt":"2015-12-19T17:13:39","guid":{"rendered":"http:\/\/www.padrekino.org\/?page_id=226"},"modified":"2020-07-05T15:30:23","modified_gmt":"2020-07-05T13:30:23","slug":"associazione-culturale-padre-eusebio-francesco-chini","status":"publish","type":"page","link":"https:\/\/www.padrekino.org\/de\/associazione-culturale-padre-eusebio-francesco-chini\/","title":{"rendered":"Pater Eusebio F. Chini Kulturgesellschaft"},"content":{"rendered":"<p><\/p>\n<p style=\"text-align: justify;\">Am 30 Juli 1992 wurde in Segno die <strong>Pater Eusebio Kino Kulturgesellschaft<\/strong> gegr\u00fcndet, um seine Volkst\u00fcmlichkeit in seiner Heimat zu f\u00f6rdern. Pater Eusebio Kino wurde 1645 in Segno (Trent) geboren und starb 1711 in Magdalena (Sonora, Mexiko). Er war Missionsgr\u00fcnder, Forscher, Geschichtsschreiber und Kartograph und leistete einen bedeutenden Beitrag zur Entwicklung des S\u00fcdwestens der Vereinigten Staaten und des Nordens von Mexiko (Sonora).<\/p>\n<p style=\"text-align: justify;\">Viele Leute in Italien wissen nichts von seiner Bedeutung und seinem Ruhm im Ausland und kennen ihn im allgemeinen kaum, obwohl er seiner Heimat zum Stolz gereichen k\u00f6nnte.<\/p>\n<p style=\"text-align: justify;\">Am 14 Februar 1965 wurde seine Statue in der &#8222;Staatshalle der Statuen&#8220; (National Hall of Statuary) in Washington aufgestellt. Sie zeigt einen der Gr\u00fcnder des Staates Arizona, den einzigen Italiener unter den Gr\u00fcndungsv\u00e4tern und Pionieren der Vereinigten Staaten.<\/p>\n<p style=\"text-align: justify;\">In Anwesenheit vieler Leute wurde in Segno am 16 Juni 1991 eine Reiterstatue zu seinen Ehren enth\u00fcllt. Sie wurde von dem ber\u00fchmten mexikanischen K\u00fcnstler Juli\u00e1n Mart\u00ednez geschaffen. Sein monumentales Bronzewerk ist das erste, das in der Neuen Welt gegossen und nach Europa transportiert wurde. Die Statue selbst ist eine Schenkung der Stadt Tucson und der B\u00fcrger des Bezirks Pima (Arizona).<\/p>\n<p style=\"text-align: justify;\">Die Kino Gesellschaft wurde von siebzehn Gr\u00fcndungsmitgliedern eingerichtet, die zun\u00e4chst dem Ausschuss angeh\u00f6rten, der der Einweihung der Statue 1991 vorstand. Man hielt die Gesellschaft f\u00fcr notwendig, um die urspr\u00fcnglichen Ziele des Ausschusses erreichen und etliche k\u00fcnftige Projekte verwirklichen zu k\u00f6nnen. Zugleich ging es darum, ein neues, vollst\u00e4ndigeres Bild von Pater Kino und seinem Werk zu vermitteln, und sich dabei auf mehr rechtliche M\u00f6glichkeiten zu st\u00fctzen. Ihr Ziel ist es, eifrig daran zu arbeiten, dass unserem Landsmann, der zu lange in Vergessenheit geraten war, die geb\u00fchrende Anerkennung zuteil wird.<br \/>\n<strong>Die Gesellschaft hat sich zur Aufgabe gemacht:<\/strong><\/p>\n<ul>\n<li>Leben und Leistung von Pater Kino zu studieren &#8211; dem gro\u00dfen Landsmann, Missionar und Forscher;<\/li>\n<li>das Wissen \u00fcber Pater Kino in Schulen, kulturellen Vereinigungen und Bibliotheken zu mehren;<\/li>\n<li>Studien, Seminare und Konferenzen zu unterst\u00fctzen;<\/li>\n<li>Texte und Anschauungsmaterial zu Pater Kino auf ihrem geschichtlichen Hintergrund zu ver\u00f6ffentlichen;<\/li>\n<li>das Geb\u00e4ude des Pater Kino Museums in Segno zu f\u00f6rdern;<\/li>\n<li>zur Erhaltung von Archivalien und anderen Materialien in Italien und im Ausland beizutragen und nach neuen Materialien zu suchen;<\/li>\n<li>Touren, F\u00fchrungsreisen und Ausfl\u00fcge zu organisieren, um die Gegenden zu erkunden, in denen er gewirkt hat;<\/li>\n<li>Ged\u00e4chtnisfeiern und Treffen zu initiieren und zu organisieren;<\/li>\n<li style=\"text-align: justify;\">seinen Seligsprechungsprozess zu unterst\u00fctzen.<\/li>\n<\/ul>\n<p style=\"text-align: justify;\">Besuchen Sie unsere Nachrichten Blatt!!<\/p>\n<p style=\"text-align: center;\">Adresse:<br \/>\nPiazza P. Eusebio Chini<br \/>\n38010 SEGNO (TN)\u00a0Italien<br \/>\nTelefon: +38 0463 468248<\/p>\n<p style=\"text-align: center;\">E Mail: <a href=\"mailto:info@padrekino.org\">info@padrekino.org<\/a> &#8211;\u00a0<a href=\"mailto:achin@tin.it\">achin@tin.it<\/a><\/p>\n<p><\/p>","protected":false},"excerpt":{"rendered":"<p>Am 30 Juli 1992 wurde in Segno die Pater Eusebio Kino Kulturgesellschaft gegr\u00fcndet, um seine Volkst\u00fcmlichkeit in seiner Heimat zu f\u00f6rdern. Pater Eusebio Kino wurde 1645 in Segno (Trent) geboren und starb 1711 in Magdalena (Sonora, Mexiko). Er war Missionsgr\u00fcnder, Forscher, Geschichtsschreiber und Kartograph und leistete einen bedeutenden Beitrag zur Entwicklung des S\u00fcdwestens der Vereinigten [&hellip;]<\/p>\n","protected":false},"author":2,"featured_media":0,"parent":0,"menu_order":0,"comment_status":"closed","ping_status":"closed","template":"","meta":[],"yoast_head":"<!-- This site is optimized with the Yoast SEO plugin v15.5 - https:\/\/yoast.com\/wordpress\/plugins\/seo\/ -->\n<title>Pater Eusebio F. Chini Kulturgesellschaft - Padre Kino<\/title>\n<meta name=\"robots\" content=\"index, follow, max-snippet:-1, max-image-preview:large, max-video-preview:-1\" \/>\n<link rel=\"canonical\" href=\"http:\/\/www.padrekino.org\/es\/associazione-culturale-padre-eusebio-francesco-chini\/\" \/>\n<meta property=\"og:locale\" content=\"de_DE\" \/>\n<meta property=\"og:type\" content=\"article\" \/>\n<meta property=\"og:title\" content=\"Pater Eusebio F. Chini Kulturgesellschaft - Padre Kino\" \/>\n<meta property=\"og:description\" content=\"Am 30 Juli 1992 wurde in Segno die Pater Eusebio Kino Kulturgesellschaft gegr\u00fcndet, um seine Volkst\u00fcmlichkeit in seiner Heimat zu f\u00f6rdern. Pater Eusebio Kino wurde 1645 in Segno (Trent) geboren und starb 1711 in Magdalena (Sonora, Mexiko). Er war Missionsgr\u00fcnder, Forscher, Geschichtsschreiber und Kartograph und leistete einen bedeutenden Beitrag zur Entwicklung des S\u00fcdwestens der Vereinigten [&hellip;]\" \/>\n<meta property=\"og:url\" content=\"http:\/\/www.padrekino.org\/es\/associazione-culturale-padre-eusebio-francesco-chini\/\" \/>\n<meta property=\"og:site_name\" content=\"Padre Kino\" \/>\n<meta property=\"article:modified_time\" content=\"2020-07-05T13:30:23+00:00\" \/>\n<meta name=\"twitter:card\" content=\"summary\" \/>\n<meta name=\"twitter:label1\" content=\"Gesch\u00e4tzte Lesezeit\">\n\t<meta name=\"twitter:data1\" content=\"6\u00a0Minuten\">\n<script type=\"application\/ld+json\" class=\"yoast-schema-graph\">{\"@context\":\"https:\/\/schema.org\",\"@graph\":[{\"@type\":\"WebSite\",\"@id\":\"http:\/\/www.padrekino.org\/de\/#website\",\"url\":\"http:\/\/www.padrekino.org\/de\/\",\"name\":\"Padre Kino\",\"description\":\"Padre a Cavallo\",\"potentialAction\":[{\"@type\":\"SearchAction\",\"target\":\"http:\/\/www.padrekino.org\/de\/?s={search_term_string}\",\"query-input\":\"required name=search_term_string\"}],\"inLanguage\":\"de\"},{\"@type\":\"WebPage\",\"@id\":\"http:\/\/www.padrekino.org\/es\/associazione-culturale-padre-eusebio-francesco-chini\/#webpage\",\"url\":\"http:\/\/www.padrekino.org\/es\/associazione-culturale-padre-eusebio-francesco-chini\/\",\"name\":\"Pater Eusebio F. Chini Kulturgesellschaft - Padre Kino\",\"isPartOf\":{\"@id\":\"http:\/\/www.padrekino.org\/de\/#website\"},\"datePublished\":\"2015-12-19T17:13:39+00:00\",\"dateModified\":\"2020-07-05T13:30:23+00:00\",\"inLanguage\":\"de\",\"potentialAction\":[{\"@type\":\"ReadAction\",\"target\":[\"http:\/\/www.padrekino.org\/es\/associazione-culturale-padre-eusebio-francesco-chini\/\"]}]}]}<\/script>\n<!-- \/ Yoast SEO plugin. -->","_links":{"self":[{"href":"https:\/\/www.padrekino.org\/de\/wp-json\/wp\/v2\/pages\/226"}],"collection":[{"href":"https:\/\/www.padrekino.org\/de\/wp-json\/wp\/v2\/pages"}],"about":[{"href":"https:\/\/www.padrekino.org\/de\/wp-json\/wp\/v2\/types\/page"}],"author":[{"embeddable":true,"href":"https:\/\/www.padrekino.org\/de\/wp-json\/wp\/v2\/users\/2"}],"replies":[{"embeddable":true,"href":"https:\/\/www.padrekino.org\/de\/wp-json\/wp\/v2\/comments?post=226"}],"version-history":[{"count":0,"href":"https:\/\/www.padrekino.org\/de\/wp-json\/wp\/v2\/pages\/226\/revisions"}],"wp:attachment":[{"href":"https:\/\/www.padrekino.org\/de\/wp-json\/wp\/v2\/media?parent=226"}],"curies":[{"name":"wp","href":"https:\/\/api.w.org\/{rel}","templated":true}]}}