{"id":36,"date":"2015-12-13T15:41:37","date_gmt":"2015-12-13T14:41:37","guid":{"rendered":"http:\/\/www.padrekino.org\/?page_id=36"},"modified":"2016-06-05T23:32:15","modified_gmt":"2016-06-05T21:32:15","slug":"padre-kino","status":"publish","type":"page","link":"https:\/\/www.padrekino.org\/es\/padre-kino\/","title":{"rendered":"La aventura del Padre Kino"},"content":{"rendered":"<p><\/p>\n<p style=\"text-align: justify;\"><strong>Desde el Val di Non al desierto de Sonora<\/strong><\/p>\n<p style=\"text-align: justify;\"><img class=\"alignleft\" src=\"http:\/\/www.padrekino.org\/wp-content\/uploads\/2015\/12\/cavallo-201x300.jpg\" alt=\"cavallo\" \/>El 14 febrero de 1965 en el National Hall of Statuary de Washington D.C., el joven Estado de Arizona que se habia integrado a Estados Unidos tan solo a partir de 1911, vivi\u00f3 un d\u00eca de gran fiesta: en el Capitolde la Confederac\u00edon Estrellada va a dedicarse la estatua del Padre fundador del Estado, Eusebio Francisco Kino, cerca de los mas famosos personajes de la historia de Estados Unidos, George Washington, Samuel Adams, Sam Houston, Andrew Jackson. Explorer, \u00abHistorian, Rancher, Mission Builder and Apostle to the Indians\u00bb esta escrito a pie de la obra, sintetizando una vida entera dedicada a Dios y a los Indios Pima.Eusebio nace en Segno en el Valle de Non en las cercanias de la ciudad de Trento, el 10 de agosto 1645 hijo de Francesco y Margherita. Bautizado en la iglesia de la cercana aldea de Torra. Despu\u00e9s de haber cursado la escuela primaria, emprende estudios superiores en el Colegio Jesuita de Trento, para luego completarlos en Hall en Tirol. Luego de haber sido sanado de una larga enfermedad, una vez restablicido, hace votos para ingresar en la Compa\u00f1ia de Jes\u00fas para dedicarse a las Misiones en las Indias, como poco a\u00f1os antes de \u00e9l lo habia hecho otro ilustre hijo de Trento y primo de Eusebio, Martino Martini. <img class=\"alignright\" src=\"http:\/\/www.padrekino.org\/wp-content\/uploads\/2016\/03\/statua-208x300.jpg\" alt=\"statua\" \/>Ordenado sacerdote en Eichstatten Bavaria en 1677, cumple su preparacion en Espa\u00f1a en el Colegio de Sevilla, y a fin de mayo 1681 alcanza M\u00e9xico la \u00abNueva Espa\u00f1a\u00bb, desembarcando en Vera Cruz al cabo de tres meses de navegaci\u00f3n.<br \/>\nEl jesuita Eusebio Francisco Chini a estas alturas tiene 36 a\u00f1os. Al agotarse rapidamente los intentos espa\u00f1oles de establecer colonias an la Pen\u00ednsula de Baja California, a los que \u00e9l toma parte en calidad de misionero y cartografo real, Padre Francisco Kino, asi \u00e9l hab\u00eda entretanto hispanizado su nombre, da comienzo el 13 de marzo de 1687 a la haza\u00f1a de su vida : la evangelizaci\u00f3n y al desarollo civil,social y economico de la gentes que moran la Pimer\u00eda Alta, y las tribus del pueblo Pima, al Nordeste del Rio Sonora.<\/p>\n<div style=\"width: 310px\" class=\"wp-caption alignleft\"><img loading=\"lazy\" src=\"http:\/\/www.padrekino.org\/wp-content\/uploads\/2016\/01\/magdalena_a-300x225.jpg\" alt=\"magdalena_a\" width=\"300\" height=\"225\" \/><p class=\"wp-caption-text\">Mausoleo del Padre Kino<\/p><\/div>\n<p style=\"text-align: justify;\">La aventura durar\u00e1 hasta su muerte acontecida en 1711 : durante 24a\u00f1os, Padre Kino ser\u00e1 el alma de de las muchas misiones que \u00e9l mismo fundo, hoy dia prosperas ciudades de los Estados de Sonora y Arizona, ser\u00e0 hombre de Dios y a la vez valiente defensor de los derechos de los Indios. Puesto entre Di\u00f3s y el Universo , fue explorador , historiador, cartografo, pionero,ranchero.<br \/>\nEnse\u00f1o el cultivo de frutos y hortalizas desconozidas en aquellas tierras, foment\u00f3 la granaderia y la elaboraci\u00f2n del hierro. Cuid\u00f3 con sumo valor la dignidad y los intereses de sus Indios contra los atropellos de los conquistadores, consiguiendo el edicto real que exentaba a los convertidos del trabajo en las minas y del paqo de impuestos.<br \/>\nForja y orientada el desarollo econ\u00f3mico de una tierra , desertica quemada por el sol. Emprende muchos viajes de exploraci\u00f3n hacia el Norte , hasta el Rio Colorado, realizando as\u00ed la prueba cientifica que la California es peninsula .<\/p>\n<div style=\"width: 210px\" class=\"wp-caption alignright\"><img loading=\"lazy\" src=\"http:\/\/www.padrekino.org\/wp-content\/uploads\/2015\/12\/bassacal.jpg\" alt=\"bassacal\" width=\"200\" height=\"150\" \/><p class=\"wp-caption-text\">Murales de Nereo de la Pe\u00f1a en el Museo de Segno<\/p><\/div>\n<p style=\"text-align: justify;\">\nNo es arriesgado suponer que el total de sus expediciones alcance como 12.800 kilometros recorridos a caballo a trav\u00e9s del desierto. Una haza\u00f1a gigantesca , cuyo fruto son las almas convertitas a Di\u00f3s, la vida donada al desierto y sobretodo la dignidad reconocida a los Indios.<br \/>\nMuri\u00f3 sobre la medianoche del 15 marzo de 1711 en Magdalena, como habia vivido , \u00aben paz y pobreza , en las lindes de algo mas grande\u00bb (P. Charles W.Polzer) mientras en Magdalena nace la veneracion de Padre Kino entre los fieles de Sonora, Arizona, Sinaloa, Chihuahua y la Baja California. Un culto que convierte, desde trescientos a\u00f1os la devoci\u00f3n de Padre Kino para San Francisco Xavier en el homenaje de los Indios al Padre Pionero de la Pimer\u00eda Alta.<\/p>\n<div id=\"attachment_42\" style=\"width: 239px\" class=\"wp-caption alignleft\"><img aria-describedby=\"caption-attachment-42\" loading=\"lazy\" class=\"wp-image-42 size-medium\" src=\"http:\/\/www.padrekino.org\/wp-content\/uploads\/2015\/12\/statua_tucson-229x300.jpg\" alt=\"statua_tucson\" width=\"229\" height=\"300\" srcset=\"https:\/\/www.padrekino.org\/wp-content\/uploads\/2015\/12\/statua_tucson-229x300.jpg 229w, https:\/\/www.padrekino.org\/wp-content\/uploads\/2015\/12\/statua_tucson.jpg 285w\" sizes=\"(max-width: 229px) 100vw, 229px\" \/><p id=\"caption-attachment-42\" class=\"wp-caption-text\">Tucson: Replica de la estauta de Segno y Magdalena de Kino<\/p><\/div>\n<p style=\"text-align: justify;\"><strong style=\"font-size: 1.125rem; line-height: 1.5;\">La fama<br \/>\n<\/strong>La grande y profunda devoci\u00f2n popular, transmitida a trav\u00e9s de las generaciones, encuentra su base cientifica al comienzo del siglo 20 al hallarse, en los archivos de Ciudad de Mexico los diarios de Padre Kino, los \u201cFavores Celestiales de Jes\u00fasy Mar\u00eda Sant\u00ecsima\u201d ensayados a tr\u00e1ves de las aventuras de la Pimer\u00eda. Es la historia de una vida de mis\u00edon, de las dificultades encontradas, as\u00ec como de las incansables exploraciones realizadas. Lo que sale de esas paginas es la imagen de un gigante , empujado por la f\u00e9 y el amor, un hombre que deja su huella en la historia.<br \/>\nSe empieza buscando el lugar de su entierro, para honrar sus restos, al fin despu\u00e9s de varios intentos, el 19 de mayo de 1966 se localiza la tumba de padre Kino en la ciudad de Mgdalena y se empiezan los trabajos de construcci\u00f3n del mausoleo y de transformaci\u00f2n del lugar en plaza monumental, inaugurada el dia 2 de mayo 1971 con la presencia de el presidente de Mexico, Luis Echeverr\u00eca.<\/p>\n<div style=\"width: 235px\" class=\"wp-caption alignright\"><img loading=\"lazy\" src=\"http:\/\/www.padrekino.org\/wp-content\/uploads\/2015\/12\/bas-relief-225x300.jpg\" alt=\"bas relief\" width=\"225\" height=\"300\" \/><p class=\"wp-caption-text\">Tucson-Arizona, Bas relief: Padre Kino walking with a Pima Indian at his side<\/p><\/div>\n<p style=\"text-align: justify;\">\nSe intitulan a padre Kino Escuelas, Universidades, Hospitales; dondequiera se levantan monumentos, hasta en la poblaciones m\u00e1s apartadas en el desierto. La ciudad de Tucson, inaugura un esplendido bajorrelieve, donde el incansable pionero est\u00e1 representado junto a un indio Pima con en el trasfondo el desierto.<\/p>\n<p>Se abre en la Catedral de Hermosillo el processo de canonizaci\u00f3n , aun pendente en el reconocimiento de la clara evidencia de la santitad de del Padre Kino, quien entre otras cosas hab\u00eda protegido el Estado de Sonora de las persecuciones antirreligiosas del general Calles, despues de la primera Guerra Mundial.<\/p>\n<p style=\"text-align: justify;\"><strong>Testimonios<\/strong><\/p>\n<div style=\"width: 302px\" class=\"wp-caption alignleft\"><img loading=\"lazy\" src=\"http:\/\/www.padrekino.org\/wp-content\/uploads\/2016\/02\/chiesasegno-1-292x300.jpg\" alt=\"chiesasegno\" width=\"292\" height=\"300\" \/><p class=\"wp-caption-text\">La Iglesia de Segno<\/p><\/div>\n<p style=\"text-align: justify;\"><strong>Herbert Eugene Bolton<\/strong>: m\u00e1ximo historiador del Oeste de Estados Unidos escribe: \u201cel honor de Segno no depende de su antig\u00fcedad ni tampoco de sus tesoros arqueologicos, sino de un hecho muy sencillo. Entre sus lindes naci\u00f3 Eusebio Chini, el Jesuita explorador de la costa del Pacifico y del Norte de Sonora\u201d.<br \/>\n<strong>Bonifacio Bolognani:<\/strong> padre franciscano investigador de la vida y la obra de Padre Chini afirma: \u201cUnos hombres ilustres dejan una huella en la historia con la fuerza de su pensamiento, otros con la din\u00e1mica de sus obras y su recuerdo queda inborrable a trav\u00e9s de las generaciones. Sin embaargo hay unos que por inexplicables avatares del destino, caen en el olvido. Es lo que se ha ocurrido con Padre Chini, cuya obra fue revalorizada al comienzo del siglo 20 por unos cientificos estadounidenses. Este d\u00e9scubrimiento de los historiadores nos extra\u00f1\u00f2 a todos en el Trentino y en Italia, pu\u00e9s lo hablamos caabalmente olvidado. Su altura de misionero, historiador, escritor, geografo es verdaderamente asombrosa. Padre Chini hoy dia hace historia, su nombre es leyenda\u201d.<\/p>\n<div id=\"attachment_1705\" style=\"width: 210px\" class=\"wp-caption alignright\"><img aria-describedby=\"caption-attachment-1705\" loading=\"lazy\" class=\"wp-image-1705 size-full\" src=\"http:\/\/www.padrekino.org\/wp-content\/uploads\/2015\/12\/acrilicoconta.jpg\" alt=\"acrilicoconta\" width=\"200\" height=\"277\" \/><p id=\"caption-attachment-1705\" class=\"wp-caption-text\">Acrilico de Livio Conta; Museo del Padre Kino, Segno<\/p><\/div>\n<p style=\"text-align: justify;\"><strong>Juan Pablo II,<\/strong> en su homil\u00eca durante la celebraci\u00f3n eucaristica en Phoenix en Arizona, EE. UU., dijo: \u201cNo hay duda que la Cruz de Cristo marc\u00f2 el camino de evangelizaci\u00f2n de esta comarca, a partir del dia hace trecientos a\u00f1os cuando Padre Eusebio Chini trajo, primero, el evangelio en Arizona\u201d&#8230; \u201cCon excepcional abnegti\u00f2n personal, padre Chini trabaj\u00f2 incansabilmente para fundar misiones en toda esta comarca con el fin de que la Buena Noticia de Nuestro Se\u00f1or Jes\u00fas Cristo pudiera arraigarse en el pueblo que viv\u00eca aqui\u201d.<br \/>\nDel discurso del Papa en Trento el 29 de abril 1995: \u201cRecuerdo adem\u00e0s los muchos misioneros, hombres y mujeres que a lo largo del los siglos salieron de aqui para todo el mundo. Entre ellos hay que mencionar con el mas profundo agradecimiento a los Jesuitas Martino Martini y Eusebio Francesco Chini\u201d.<\/p>\n<p><\/p>","protected":false},"excerpt":{"rendered":"<p>Desde el Val di Non al desierto de Sonora El 14 febrero de 1965 en el National Hall of Statuary de Washington D.C., el joven Estado de Arizona que se habia integrado a Estados Unidos tan solo a partir de 1911, vivi\u00f3 un d\u00eca de gran fiesta: en el Capitolde la Confederac\u00edon Estrellada va a [&hellip;]<\/p>\n","protected":false},"author":2,"featured_media":0,"parent":0,"menu_order":0,"comment_status":"closed","ping_status":"closed","template":"","meta":[],"yoast_head":"<!-- This site is optimized with the Yoast SEO plugin v15.5 - https:\/\/yoast.com\/wordpress\/plugins\/seo\/ -->\n<title>La aventura del Padre Kino - Padre Kino<\/title>\n<meta name=\"description\" content=\"Padre Kino, Un Padre Cavallo, dalla Val di Non al Deserto di Sonora\" \/>\n<meta name=\"robots\" content=\"index, follow, max-snippet:-1, max-image-preview:large, max-video-preview:-1\" \/>\n<link rel=\"canonical\" href=\"https:\/\/www.padrekino.org\/es\/padre-kino\/\" \/>\n<meta property=\"og:locale\" content=\"es_ES\" \/>\n<meta property=\"og:type\" content=\"article\" \/>\n<meta property=\"og:title\" content=\"La aventura del Padre Kino - Padre Kino\" \/>\n<meta property=\"og:description\" content=\"Padre Kino, Un Padre Cavallo, dalla Val di Non al Deserto di Sonora\" \/>\n<meta property=\"og:url\" content=\"https:\/\/www.padrekino.org\/es\/padre-kino\/\" \/>\n<meta property=\"og:site_name\" content=\"Padre Kino\" \/>\n<meta property=\"article:modified_time\" content=\"2016-06-05T21:32:15+00:00\" \/>\n<meta property=\"og:image\" content=\"http:\/\/www.padrekino.org\/wp-content\/uploads\/2015\/12\/cavallo-201x300.jpg\" \/>\n<meta name=\"twitter:card\" content=\"summary\" \/>\n<meta name=\"twitter:label1\" content=\"Tiempo de lectura\">\n\t<meta name=\"twitter:data1\" content=\"22 minutos\">\n<script type=\"application\/ld+json\" class=\"yoast-schema-graph\">{\"@context\":\"https:\/\/schema.org\",\"@graph\":[{\"@type\":\"WebSite\",\"@id\":\"http:\/\/www.padrekino.org\/en\/#website\",\"url\":\"http:\/\/www.padrekino.org\/en\/\",\"name\":\"Padre Kino\",\"description\":\"Padre a Cavallo\",\"potentialAction\":[{\"@type\":\"SearchAction\",\"target\":\"http:\/\/www.padrekino.org\/en\/?s={search_term_string}\",\"query-input\":\"required name=search_term_string\"}],\"inLanguage\":\"es\"},{\"@type\":\"ImageObject\",\"@id\":\"https:\/\/www.padrekino.org\/es\/padre-kino\/#primaryimage\",\"inLanguage\":\"es\",\"url\":\"http:\/\/www.padrekino.org\/wp-content\/uploads\/2015\/12\/cavallo-201x300.jpg\"},{\"@type\":\"WebPage\",\"@id\":\"https:\/\/www.padrekino.org\/es\/padre-kino\/#webpage\",\"url\":\"https:\/\/www.padrekino.org\/es\/padre-kino\/\",\"name\":\"La aventura del Padre Kino - Padre Kino\",\"isPartOf\":{\"@id\":\"http:\/\/www.padrekino.org\/en\/#website\"},\"primaryImageOfPage\":{\"@id\":\"https:\/\/www.padrekino.org\/es\/padre-kino\/#primaryimage\"},\"datePublished\":\"2015-12-13T14:41:37+00:00\",\"dateModified\":\"2016-06-05T21:32:15+00:00\",\"description\":\"Padre Kino, Un Padre Cavallo, dalla Val di Non al Deserto di Sonora\",\"inLanguage\":\"es\",\"potentialAction\":[{\"@type\":\"ReadAction\",\"target\":[\"https:\/\/www.padrekino.org\/es\/padre-kino\/\"]}]}]}<\/script>\n<!-- \/ Yoast SEO plugin. -->","_links":{"self":[{"href":"https:\/\/www.padrekino.org\/es\/wp-json\/wp\/v2\/pages\/36"}],"collection":[{"href":"https:\/\/www.padrekino.org\/es\/wp-json\/wp\/v2\/pages"}],"about":[{"href":"https:\/\/www.padrekino.org\/es\/wp-json\/wp\/v2\/types\/page"}],"author":[{"embeddable":true,"href":"https:\/\/www.padrekino.org\/es\/wp-json\/wp\/v2\/users\/2"}],"replies":[{"embeddable":true,"href":"https:\/\/www.padrekino.org\/es\/wp-json\/wp\/v2\/comments?post=36"}],"version-history":[{"count":0,"href":"https:\/\/www.padrekino.org\/es\/wp-json\/wp\/v2\/pages\/36\/revisions"}],"wp:attachment":[{"href":"https:\/\/www.padrekino.org\/es\/wp-json\/wp\/v2\/media?parent=36"}],"curies":[{"name":"wp","href":"https:\/\/api.w.org\/{rel}","templated":true}]}}