{"id":48,"date":"2015-12-13T16:58:04","date_gmt":"2015-12-13T15:58:04","guid":{"rendered":"http:\/\/www.padrekino.org\/?page_id=48"},"modified":"2016-01-17T14:11:16","modified_gmt":"2016-01-17T13:11:16","slug":"il-museo-di-segno","status":"publish","type":"page","link":"https:\/\/www.padrekino.org\/es\/il-museo-di-segno\/","title":{"rendered":"El Museo de Segno"},"content":{"rendered":"<p><strong>El Museo De Segno, un Museo para el Padre Kino<\/strong><\/p>\n<p style=\"text-align: justify;\">Si no hay duda que Padre Kino dej\u00f3 el Vejo Continente para encontrar morada en el Nuevo, es igualmente verdad que su tierra Natal nunca olvid\u00f2 el Padre a Caballo\u00bb.<br \/>\nPoco meses antes que la estatua equestre de Kino llegara a Segno, en la tierra donde naci\u00f3 se adquiri\u00f3 un lugar adecuado donde el monumental bronce de grandeza mayor que el natural pudiera ser degnamente colocado.<br \/>\nEra nada m\u00e1s que una cuesti\u00f3n de meses antes que la majestuosa estatua en bronce cumpliera su viaje final desde Mex\u00edco trepar los empinados caminos de Segno.<br \/>\nEn el a\u00f1o 1991 una vez inaugurada la estatua y el monumento, in equel mismo lugar, se empez\u00f3 a trabajar con la convinci\u00f3n firme que de crear el museo detr\u00e1s del proprio monumento . La haza\u00f1a necessitar\u00eda mucho tiempo, planes y una enorme cantitad de dinero. Por un plazo de cinco a\u00f1os mas se plane\u00f3 la fachada del edificio al igual que otros elementos del museo. Al fin en en a\u00f1o 1996 se llev\u00f3 a cabo el elegante mosaico que embellece la la fachada exterior del edificio; era la obra preciosa de Mariano Fracalossi, maestro en Trento. Una vez m\u00e0s el nombre de Eusebio Kino imantaba a artistas y artesanos en su misma red de creatividad. En el 1997 la idea del museo iba ya tomando forma. La estatua y el mosaico exig\u00edan un marco m\u00e1s amplio, por lo tanto la Asociaci\u00f3n Cultural Padre Eusebio Francisco Kino resolv\u00edo a dar vida al proyecto. La colleciones de objectos est\u00e1an dispuestas con cuidado y sumo deleiteen todos los tres pisos del museo.<br \/>\nLa entrada est\u00e1 dominada por el bronce d un metro de alto , copia da la obra de la escultora Silvercruys puesta en el Famedio de Estados Undos de America. Unos carteles enmarcados se\u00f1alanal primer piso , donde el auditorio espera a los visitantes. Sus paredes est\u00e1n cubiertas en un lado por los brillantes murales de Nereo de La Pe\u00f1a, artista mexicano, nacido en Caborca (Estado de Sonora). Ellos representan las varias etapas de la vida del misionero Kino en Sonora y Arizona. Del auditorio un repecho lleva a la sala del segundo piso, donde, en vetrinas est\u00e1n espuestos el astrolabio del siglo 17 aquirido en Granada en 1996, as\u00ed como el telescopio del siglo 17 y una Brujula de la misma epoca.<br \/>\nEl museo de Padre Kino es una maravilla por como encierra historia de fervor misional, investigaci\u00f3n cientifica y el compromiso de forjar la cultura de los nativos seg\u00fan la la m\u00e1s compleja cultura de la civilizaci\u00f3n europea; no es de ninguna manera un monumento a la conquista sino una fiel aserci\u00f3n de la evoluci\u00f3n social hombre hacia un mundo mejor, aunque m\u00e1s complejo. Padre Kino trajo al Nuevo Mundo no solos los frutos de su educaci\u00f2n jesuitica sino tambien la fuerza de la busqueda individual que el hab\u00eda aprendido con suma riqueza en los lugares de su ni\u00f1ez en el Tirolo. \u00a0<em>(Charles W. Polzer)<\/em><\/p>\n<p>[Best_Wordpress_Gallery id=\u00bb29&#8243; gal_title=\u00bbMUseo_ES\u00bb]<\/p>\n<p style=\"text-align: justify;\"><a href=\"http:\/\/www.padrekino.org\/raggiungere-segno\/\" target=\"_blank\">C\u00f3mo llegar al museo<\/a>\u00a0y\u00a0<a href=\"http:\/\/www.padrekino.org\/info-sul-museo\/\" target=\"_blank\">Informaci\u00f3n sobre horarios y d\u00edas de aperturatura<\/a><\/p>\n<p><strong>Los\u00a0Murales de Segno<\/strong><\/p>\n<p>Los seis murales que se muestran en el Museo dedicado al Padre Kino en Segno fueron pintadas en los paneles de cemento por Nereo De La Pe\u00f1a muralista mexicano de Caborca \u200b\u200bque los pint\u00f3 en el estilo de Rivera (del artista Mexicano Diego de Rivera ) .<br \/>\nCada uno de los seis paneles que se alinean uno tras otro con un enorme efecto art\u00edstico representan seis diferentes momentos de la vida del Padre Kino en Pimer\u00eda Alta. de la vida de los ind\u00edgenas ante los espa\u00f1oles a trav\u00e9s de su progreso. Otros murales interesantes se muestran en el interior del museo.<\/p>\n<p>&nbsp;<\/p>\n<h5><a href=\"http:\/\/www.padrekino.org\/wp-content\/uploads\/2015\/12\/Mosaico_di_Mariano_Fracalossi.jpg\" rel=\"attachment wp-att-50\"><img loading=\"lazy\" class=\"wp-image-50 size-medium alignleft\" src=\"http:\/\/www.padrekino.org\/wp-content\/uploads\/2015\/12\/Mosaico_di_Mariano_Fracalossi-255x300.jpg\" alt=\"Mosaico_di_Mariano_Fracalossi\" width=\"255\" height=\"300\" srcset=\"https:\/\/www.padrekino.org\/wp-content\/uploads\/2015\/12\/Mosaico_di_Mariano_Fracalossi-255x300.jpg 255w, https:\/\/www.padrekino.org\/wp-content\/uploads\/2015\/12\/Mosaico_di_Mariano_Fracalossi.jpg 422w\" sizes=\"(max-width: 255px) 100vw, 255px\" \/><\/a><\/h5>\n<p style=\"text-align: justify;\"><strong>El Mosaico de Mariano Fracalossi<br \/>\n<\/strong><br \/>\nProyecto del artista italiano Mariano Fracalossi de Trento. Muestra los diferentes pasos de la vicisitud humana del Padre Kino desde su nacimiento ( la iglesia de Torra ) , la vela hacia el Nuevo Mundo , su feliz encuentro con los indios , el cruce de \u00e9l Colorado hasta su muerte y entierro en Magdalena . El mausoleo que faltan en el boceto , se a\u00f1adir\u00e1 m\u00e1s adelante durante la colocaci\u00f3n del mosaico a petici\u00f3n del comit\u00e9 de Kino . El mosaico se coloca en \u00e9l la pared exterior del museo<\/p>\n<p>&nbsp;<\/p>\n<p>&nbsp;<\/p>","protected":false},"excerpt":{"rendered":"<p>El Museo De Segno, un Museo para el Padre Kino Si no hay duda que Padre Kino dej\u00f3 el Vejo Continente para encontrar morada en el Nuevo, es igualmente verdad que su tierra Natal nunca olvid\u00f2 el Padre a Caballo\u00bb. Poco meses antes que la estatua equestre de Kino llegara a Segno, en la tierra [&hellip;]<\/p>\n","protected":false},"author":2,"featured_media":0,"parent":0,"menu_order":0,"comment_status":"closed","ping_status":"closed","template":"","meta":[],"yoast_head":"<!-- This site is optimized with the Yoast SEO plugin v15.5 - https:\/\/yoast.com\/wordpress\/plugins\/seo\/ -->\n<title>El Museo de Segno - Padre Kino<\/title>\n<meta name=\"robots\" content=\"index, follow, max-snippet:-1, max-image-preview:large, max-video-preview:-1\" \/>\n<link rel=\"canonical\" href=\"http:\/\/www.padrekino.org\/es\/il-museo-di-segno\/\" \/>\n<meta property=\"og:locale\" content=\"es_ES\" \/>\n<meta property=\"og:type\" content=\"article\" \/>\n<meta property=\"og:title\" content=\"El Museo de Segno - Padre Kino\" \/>\n<meta property=\"og:description\" content=\"El Museo De Segno, un Museo para el Padre Kino Si no hay duda que Padre Kino dej\u00f3 el Vejo Continente para encontrar morada en el Nuevo, es igualmente verdad que su tierra Natal nunca olvid\u00f2 el Padre a Caballo\u00bb. Poco meses antes que la estatua equestre de Kino llegara a Segno, en la tierra [&hellip;]\" \/>\n<meta property=\"og:url\" content=\"http:\/\/www.padrekino.org\/es\/il-museo-di-segno\/\" \/>\n<meta property=\"og:site_name\" content=\"Padre Kino\" \/>\n<meta property=\"article:modified_time\" content=\"2016-01-17T13:11:16+00:00\" \/>\n<meta property=\"og:image\" content=\"http:\/\/www.padrekino.org\/wp-content\/uploads\/2015\/12\/Mosaico_di_Mariano_Fracalossi-255x300.jpg\" \/>\n<meta name=\"twitter:card\" content=\"summary\" \/>\n<meta name=\"twitter:label1\" content=\"Tiempo de lectura\">\n\t<meta name=\"twitter:data1\" content=\"13 minutos\">\n<script type=\"application\/ld+json\" class=\"yoast-schema-graph\">{\"@context\":\"https:\/\/schema.org\",\"@graph\":[{\"@type\":\"WebSite\",\"@id\":\"http:\/\/www.padrekino.org\/de\/#website\",\"url\":\"http:\/\/www.padrekino.org\/de\/\",\"name\":\"Padre Kino\",\"description\":\"Padre a Cavallo\",\"potentialAction\":[{\"@type\":\"SearchAction\",\"target\":\"http:\/\/www.padrekino.org\/de\/?s={search_term_string}\",\"query-input\":\"required name=search_term_string\"}],\"inLanguage\":\"es\"},{\"@type\":\"ImageObject\",\"@id\":\"http:\/\/www.padrekino.org\/es\/il-museo-di-segno\/#primaryimage\",\"inLanguage\":\"es\",\"url\":\"http:\/\/www.padrekino.org\/wp-content\/uploads\/2015\/12\/Mosaico_di_Mariano_Fracalossi-255x300.jpg\"},{\"@type\":\"WebPage\",\"@id\":\"http:\/\/www.padrekino.org\/es\/il-museo-di-segno\/#webpage\",\"url\":\"http:\/\/www.padrekino.org\/es\/il-museo-di-segno\/\",\"name\":\"El Museo de Segno - Padre Kino\",\"isPartOf\":{\"@id\":\"http:\/\/www.padrekino.org\/de\/#website\"},\"primaryImageOfPage\":{\"@id\":\"http:\/\/www.padrekino.org\/es\/il-museo-di-segno\/#primaryimage\"},\"datePublished\":\"2015-12-13T15:58:04+00:00\",\"dateModified\":\"2016-01-17T13:11:16+00:00\",\"inLanguage\":\"es\",\"potentialAction\":[{\"@type\":\"ReadAction\",\"target\":[\"http:\/\/www.padrekino.org\/es\/il-museo-di-segno\/\"]}]}]}<\/script>\n<!-- \/ Yoast SEO plugin. -->","_links":{"self":[{"href":"https:\/\/www.padrekino.org\/es\/wp-json\/wp\/v2\/pages\/48"}],"collection":[{"href":"https:\/\/www.padrekino.org\/es\/wp-json\/wp\/v2\/pages"}],"about":[{"href":"https:\/\/www.padrekino.org\/es\/wp-json\/wp\/v2\/types\/page"}],"author":[{"embeddable":true,"href":"https:\/\/www.padrekino.org\/es\/wp-json\/wp\/v2\/users\/2"}],"replies":[{"embeddable":true,"href":"https:\/\/www.padrekino.org\/es\/wp-json\/wp\/v2\/comments?post=48"}],"version-history":[{"count":0,"href":"https:\/\/www.padrekino.org\/es\/wp-json\/wp\/v2\/pages\/48\/revisions"}],"wp:attachment":[{"href":"https:\/\/www.padrekino.org\/es\/wp-json\/wp\/v2\/media?parent=48"}],"curies":[{"name":"wp","href":"https:\/\/api.w.org\/{rel}","templated":true}]}}